{"id":962,"date":"2021-03-29T22:19:52","date_gmt":"2021-03-30T01:19:52","guid":{"rendered":"http:\/\/www.mauritex.com.br\/?page_id=962"},"modified":"2021-05-10T21:31:51","modified_gmt":"2021-05-11T00:31:51","slug":"condicionador-sache","status":"publish","type":"page","link":"http:\/\/www.mauritex.com.br\/index.php\/condicionador-sache\/","title":{"rendered":"Condicionador Sach\u00ea"},"content":{"rendered":"\t\t<div data-elementor-type=\"wp-page\" data-elementor-id=\"962\" class=\"elementor elementor-962\">\n\t\t\t\t\t\t<section class=\"elementor-section elementor-top-section elementor-element elementor-element-5ba1b196 elementor-section-boxed elementor-section-height-default elementor-section-height-default\" data-id=\"5ba1b196\" data-element_type=\"section\" data-e-type=\"section\">\n\t\t\t\t\t\t<div class=\"elementor-container elementor-column-gap-default\">\n\t\t\t\t\t<div class=\"elementor-column elementor-col-100 elementor-top-column elementor-element elementor-element-4adbc456\" data-id=\"4adbc456\" data-element_type=\"column\" data-e-type=\"column\">\n\t\t\t<div class=\"elementor-widget-wrap elementor-element-populated\">\n\t\t\t\t\t\t<div class=\"elementor-element elementor-element-5d5389a7 elementor-widget elementor-widget-text-editor\" data-id=\"5d5389a7\" data-element_type=\"widget\" data-e-type=\"widget\" data-widget_type=\"text-editor.default\">\n\t\t\t\t<div class=\"elementor-widget-container\">\n\t\t\t\t\t\t\t\t\t<strong>Condicionador Sach\u00ea<\/strong>\n\n<strong><em>Aroma agrad\u00e1vel. Permite dar maciez e desembara\u00e7o aos cabelos, necess\u00e1rio ap\u00f3s lavagem com shampoo.<\/em><\/strong>\n<ul>\n \t<li>Embalagem individual: sach\u00ea 30ml<\/li>\n \t<li>Caixa com 250 sach\u00eas.<\/li>\n<\/ul><\/br>\n\u2013 Foto meramente ilustrativa.\n<\/br>\n&#8211; A marca do produto pode variar de acordo com a disponibilidade em estoque.\t\t\t\t\t\t\t\t<\/div>\n\t\t\t\t<\/div>\n\t\t\t\t\t<\/div>\n\t\t<\/div>\n\t\t\t\t<div class=\"elementor-column elementor-col-100 elementor-top-column elementor-element elementor-element-d1744a2\" data-id=\"d1744a2\" data-element_type=\"column\" data-e-type=\"column\">\n\t\t\t<div class=\"elementor-widget-wrap elementor-element-populated\">\n\t\t\t\t\t\t<div class=\"elementor-element elementor-element-301ce0f4 elementor-widget elementor-widget-image\" data-id=\"301ce0f4\" data-element_type=\"widget\" data-e-type=\"widget\" data-widget_type=\"image.default\">\n\t\t\t\t<div class=\"elementor-widget-container\">\n\t\t\t\t\t\t\t\t\t\t\t\t\t\t\t<img fetchpriority=\"high\" decoding=\"async\" width=\"495\" height=\"400\" src=\"http:\/\/www.mauritex.com.br\/wp-content\/uploads\/2021\/03\/condicionador-30ml.png\" class=\"attachment-bizberg_gallery size-bizberg_gallery wp-image-913\" alt=\"\" srcset=\"http:\/\/www.mauritex.com.br\/wp-content\/uploads\/2021\/03\/condicionador-30ml.png 495w, http:\/\/www.mauritex.com.br\/wp-content\/uploads\/2021\/03\/condicionador-30ml-300x242.png 300w\" sizes=\"(max-width: 495px) 100vw, 495px\" \/>\t\t\t\t\t\t\t\t\t\t\t\t\t\t\t<\/div>\n\t\t\t\t<\/div>\n\t\t\t\t<div class=\"elementor-element elementor-element-77507172 elementor-align-center elementor-widget elementor-widget-button\" data-id=\"77507172\" data-element_type=\"widget\" data-e-type=\"widget\" data-widget_type=\"button.default\">\n\t\t\t\t<div class=\"elementor-widget-container\">\n\t\t\t\t\t\t\t\t\t<div class=\"elementor-button-wrapper\">\n\t\t\t\t\t<a class=\"elementor-button elementor-button-link elementor-size-xs\" href=\"http:\/\/www.mauritex.com.br\/index.php\/cosmeticos\/\">\n\t\t\t\t\t\t<span class=\"elementor-button-content-wrapper\">\n\t\t\t\t\t\t\t\t\t<span class=\"elementor-button-text\">Voltar<\/span>\n\t\t\t\t\t<\/span>\n\t\t\t\t\t<\/a>\n\t\t\t\t<\/div>\n\t\t\t\t\t\t\t\t<\/div>\n\t\t\t\t<\/div>\n\t\t\t\t\t<\/div>\n\t\t<\/div>\n\t\t\t\t\t<\/div>\n\t\t<\/section>\n\t\t\t\t<section class=\"elementor-section elementor-top-section elementor-element elementor-element-37404ba2 elementor-section-boxed elementor-section-height-default elementor-section-height-default\" data-id=\"37404ba2\" data-element_type=\"section\" data-e-type=\"section\">\n\t\t\t\t\t\t<div class=\"elementor-container elementor-column-gap-default\">\n\t\t\t\t\t\t<\/div>\n\t\t<\/section>\n\t\t\t\t<\/div>\n\t\t","protected":false},"excerpt":{"rendered":"<p>Condicionador Sach\u00ea Aroma agrad\u00e1vel. Permite dar maciez e desembara\u00e7o aos cabelos, necess\u00e1rio ap\u00f3s lavagem com shampoo. Embalagem individual: sach\u00ea 30ml Caixa com 250 sach\u00eas. \u2013 Foto meramente ilustrativa. &#8211; A marca do produto pode variar de acordo com a disponibilidade em estoque. Voltar<\/p>\n","protected":false},"author":1,"featured_media":0,"parent":0,"menu_order":0,"comment_status":"closed","ping_status":"closed","template":"","meta":{"ngg_post_thumbnail":0,"footnotes":""},"class_list":["post-962","page","type-page","status-publish","hentry"],"_links":{"self":[{"href":"http:\/\/www.mauritex.com.br\/index.php\/wp-json\/wp\/v2\/pages\/962","targetHints":{"allow":["GET"]}}],"collection":[{"href":"http:\/\/www.mauritex.com.br\/index.php\/wp-json\/wp\/v2\/pages"}],"about":[{"href":"http:\/\/www.mauritex.com.br\/index.php\/wp-json\/wp\/v2\/types\/page"}],"author":[{"embeddable":true,"href":"http:\/\/www.mauritex.com.br\/index.php\/wp-json\/wp\/v2\/users\/1"}],"replies":[{"embeddable":true,"href":"http:\/\/www.mauritex.com.br\/index.php\/wp-json\/wp\/v2\/comments?post=962"}],"version-history":[{"count":11,"href":"http:\/\/www.mauritex.com.br\/index.php\/wp-json\/wp\/v2\/pages\/962\/revisions"}],"predecessor-version":[{"id":1683,"href":"http:\/\/www.mauritex.com.br\/index.php\/wp-json\/wp\/v2\/pages\/962\/revisions\/1683"}],"wp:attachment":[{"href":"http:\/\/www.mauritex.com.br\/index.php\/wp-json\/wp\/v2\/media?parent=962"}],"curies":[{"name":"wp","href":"https:\/\/api.w.org\/{rel}","templated":true}]}}