{"id":837,"date":"2021-03-17T23:25:26","date_gmt":"2021-03-18T02:25:26","guid":{"rendered":"http:\/\/www.mauritex.com.br\/?page_id=837"},"modified":"2021-05-22T12:46:22","modified_gmt":"2021-05-22T15:46:22","slug":"biscoito-salgado","status":"publish","type":"page","link":"http:\/\/www.mauritex.com.br\/index.php\/biscoito-salgado\/","title":{"rendered":"Biscoito Salgado"},"content":{"rendered":"\t\t<div data-elementor-type=\"wp-page\" data-elementor-id=\"837\" class=\"elementor elementor-837\">\n\t\t\t\t\t\t<section class=\"elementor-section elementor-top-section elementor-element elementor-element-59172d2b elementor-section-boxed elementor-section-height-default elementor-section-height-default\" data-id=\"59172d2b\" data-element_type=\"section\" data-e-type=\"section\">\n\t\t\t\t\t\t<div class=\"elementor-container elementor-column-gap-default\">\n\t\t\t\t\t<div class=\"elementor-column elementor-col-100 elementor-top-column elementor-element elementor-element-48e37cba\" data-id=\"48e37cba\" data-element_type=\"column\" data-e-type=\"column\">\n\t\t\t<div class=\"elementor-widget-wrap elementor-element-populated\">\n\t\t\t\t\t\t<div class=\"elementor-element elementor-element-77484e56 elementor-widget elementor-widget-text-editor\" data-id=\"77484e56\" data-element_type=\"widget\" data-e-type=\"widget\" data-widget_type=\"text-editor.default\">\n\t\t\t\t<div class=\"elementor-widget-container\">\n\t\t\t\t\t\t\t\t\t<p><strong>Biscoito Salgado Cream Cracker<\/strong><\/p><p><strong><em>\u00a0A medida certa para um lanche delicioso.<\/em><\/strong><\/p><ul><li><strong><em>T\u00eam benef\u00edcios claros para a sa\u00fade, gra\u00e7as \u00e1s suas gorduras essenciais, como os \u00f4megas 3 e 6, e e as vitaminas A, D e E. T\u00eam menos calorias do que outras gorduras de consumo habitual.\u00a0Pode ser servido com geleias, manteigas, margarinas, mel ou o que preferir.\u00a0<\/em><\/strong><\/li><\/ul><ul><li>Embalagem individual: sach\u00ea 8gr com duas unidades<\/li><li>Caixa com 100 pacotes.<\/li><\/ul><p><br \/><br \/>\u2013 Foto meramente ilustrativa.<br \/><br \/><br \/>\u2013 A marca do produto pode variar de acordo com a disponibilidade em estoque.<\/p>\t\t\t\t\t\t\t\t<\/div>\n\t\t\t\t<\/div>\n\t\t\t\t\t<\/div>\n\t\t<\/div>\n\t\t\t\t<div class=\"elementor-column elementor-col-100 elementor-top-column elementor-element elementor-element-54dc6635\" data-id=\"54dc6635\" data-element_type=\"column\" data-e-type=\"column\">\n\t\t\t<div class=\"elementor-widget-wrap elementor-element-populated\">\n\t\t\t\t\t\t<div class=\"elementor-element elementor-element-23ae23b8 elementor-widget elementor-widget-image\" data-id=\"23ae23b8\" data-element_type=\"widget\" data-e-type=\"widget\" data-widget_type=\"image.default\">\n\t\t\t\t<div class=\"elementor-widget-container\">\n\t\t\t\t\t\t\t\t\t\t\t\t\t\t\t<img fetchpriority=\"high\" decoding=\"async\" width=\"500\" height=\"400\" src=\"http:\/\/www.mauritex.com.br\/wp-content\/uploads\/2021\/03\/biscoito-1-500x400.png\" class=\"attachment-bizberg_gallery size-bizberg_gallery wp-image-840\" alt=\"\" srcset=\"http:\/\/www.mauritex.com.br\/wp-content\/uploads\/2021\/03\/biscoito-1.png 500w, http:\/\/www.mauritex.com.br\/wp-content\/uploads\/2021\/03\/biscoito-1-300x240.png 300w\" sizes=\"(max-width: 500px) 100vw, 500px\" \/>\t\t\t\t\t\t\t\t\t\t\t\t\t\t\t<\/div>\n\t\t\t\t<\/div>\n\t\t\t\t<div class=\"elementor-element elementor-element-f0cf07a elementor-align-center elementor-widget elementor-widget-button\" data-id=\"f0cf07a\" data-element_type=\"widget\" data-e-type=\"widget\" data-widget_type=\"button.default\">\n\t\t\t\t<div class=\"elementor-widget-container\">\n\t\t\t\t\t\t\t\t\t<div class=\"elementor-button-wrapper\">\n\t\t\t\t\t<a class=\"elementor-button elementor-button-link elementor-size-xs\" href=\"http:\/\/www.mauritex.com.br\/index.php\/alimentos-em-sache\/#\">\n\t\t\t\t\t\t<span class=\"elementor-button-content-wrapper\">\n\t\t\t\t\t\t\t\t\t<span class=\"elementor-button-text\">Voltar<\/span>\n\t\t\t\t\t<\/span>\n\t\t\t\t\t<\/a>\n\t\t\t\t<\/div>\n\t\t\t\t\t\t\t\t<\/div>\n\t\t\t\t<\/div>\n\t\t\t\t\t<\/div>\n\t\t<\/div>\n\t\t\t\t\t<\/div>\n\t\t<\/section>\n\t\t\t\t<section class=\"elementor-section elementor-top-section elementor-element elementor-element-2d59cb05 elementor-section-boxed elementor-section-height-default elementor-section-height-default\" data-id=\"2d59cb05\" data-element_type=\"section\" data-e-type=\"section\">\n\t\t\t\t\t\t<div class=\"elementor-container elementor-column-gap-default\">\n\t\t\t\t\t\t<\/div>\n\t\t<\/section>\n\t\t\t\t<\/div>\n\t\t","protected":false},"excerpt":{"rendered":"<p>Biscoito Salgado Cream Cracker \u00a0A medida certa para um lanche delicioso. T\u00eam benef\u00edcios claros para a sa\u00fade, gra\u00e7as \u00e1s suas gorduras essenciais, como os \u00f4megas 3 e 6, e e as vitaminas A, D e E. T\u00eam menos calorias do que outras gorduras de consumo habitual.\u00a0Pode ser servido com geleias, manteigas, margarinas, mel ou o que preferir.\u00a0 Embalagem individual: sach\u00ea [&hellip;]<\/p>\n","protected":false},"author":1,"featured_media":0,"parent":0,"menu_order":0,"comment_status":"closed","ping_status":"closed","template":"","meta":{"ngg_post_thumbnail":0,"footnotes":""},"class_list":["post-837","page","type-page","status-publish","hentry"],"_links":{"self":[{"href":"http:\/\/www.mauritex.com.br\/index.php\/wp-json\/wp\/v2\/pages\/837","targetHints":{"allow":["GET"]}}],"collection":[{"href":"http:\/\/www.mauritex.com.br\/index.php\/wp-json\/wp\/v2\/pages"}],"about":[{"href":"http:\/\/www.mauritex.com.br\/index.php\/wp-json\/wp\/v2\/types\/page"}],"author":[{"embeddable":true,"href":"http:\/\/www.mauritex.com.br\/index.php\/wp-json\/wp\/v2\/users\/1"}],"replies":[{"embeddable":true,"href":"http:\/\/www.mauritex.com.br\/index.php\/wp-json\/wp\/v2\/comments?post=837"}],"version-history":[{"count":13,"href":"http:\/\/www.mauritex.com.br\/index.php\/wp-json\/wp\/v2\/pages\/837\/revisions"}],"predecessor-version":[{"id":1857,"href":"http:\/\/www.mauritex.com.br\/index.php\/wp-json\/wp\/v2\/pages\/837\/revisions\/1857"}],"wp:attachment":[{"href":"http:\/\/www.mauritex.com.br\/index.php\/wp-json\/wp\/v2\/media?parent=837"}],"curies":[{"name":"wp","href":"https:\/\/api.w.org\/{rel}","templated":true}]}}