{"id":761,"date":"2021-03-17T23:00:35","date_gmt":"2021-03-18T02:00:35","guid":{"rendered":"http:\/\/www.mauritex.com.br\/?page_id=761"},"modified":"2021-05-10T21:57:50","modified_gmt":"2021-05-11T00:57:50","slug":"acucar","status":"publish","type":"page","link":"http:\/\/www.mauritex.com.br\/index.php\/acucar\/","title":{"rendered":"A\u00e7\u00facar"},"content":{"rendered":"\t\t<div data-elementor-type=\"wp-page\" data-elementor-id=\"761\" class=\"elementor elementor-761\">\n\t\t\t\t\t\t<section class=\"elementor-section elementor-top-section elementor-element elementor-element-1498e06f elementor-section-boxed elementor-section-height-default elementor-section-height-default\" data-id=\"1498e06f\" data-element_type=\"section\" data-e-type=\"section\">\n\t\t\t\t\t\t<div class=\"elementor-container elementor-column-gap-default\">\n\t\t\t\t\t<div class=\"elementor-column elementor-col-100 elementor-top-column elementor-element elementor-element-465b93d0\" data-id=\"465b93d0\" data-element_type=\"column\" data-e-type=\"column\">\n\t\t\t<div class=\"elementor-widget-wrap elementor-element-populated\">\n\t\t\t\t\t\t<div class=\"elementor-element elementor-element-6db38900 elementor-widget elementor-widget-text-editor\" data-id=\"6db38900\" data-element_type=\"widget\" data-e-type=\"widget\" data-widget_type=\"text-editor.default\">\n\t\t\t\t<div class=\"elementor-widget-container\">\n\t\t\t\t\t\t\t\t\t<h1>A\u00e7\u00facar \u2013 sach\u00ea<\/h1>\n<strong><em>A quantidade ideal para cada bebida, sem desperd\u00edcio, pr\u00e1tico e higi\u00eanico.\u00a0<\/em><\/strong>\n<ul>\n \t<li>Embalagem individual: sach\u00ea 5gr com duas unidades<\/li>\n \t<li>Caixa com 1000 sach\u00eas.<\/li>\n<\/ul><\/br>\n\u2013 Foto meramente ilustrativa.\n\n\u2013 A marca do produto pode variar de acordo com a disponibilidade em estoque.<\/br>\n\n<strong>\u00a0FIQUE ATENTO:\u00a0<\/strong>Recomendado pela lei 10.605 dia 16\/01\/13 que sanciona todos estabelecimentos a utilizar os produtos: (sal, a\u00e7\u00facar, palito e canudo) estes produtos somente embalado individualmente, o\u00a0N\u00c3O\u00a0cumprimento punir\u00e1 o estabelecimento com multa entre R$ 500,00 a 20 mil. Comece desde j\u00e1 a se enquadrar nesta campanha, voc\u00ea ir\u00e1 zelar pela economia e pela higiene.\t\t\t\t\t\t\t\t<\/div>\n\t\t\t\t<\/div>\n\t\t\t\t\t<\/div>\n\t\t<\/div>\n\t\t\t\t<div class=\"elementor-column elementor-col-100 elementor-top-column elementor-element elementor-element-5e027048\" data-id=\"5e027048\" data-element_type=\"column\" data-e-type=\"column\">\n\t\t\t<div class=\"elementor-widget-wrap elementor-element-populated\">\n\t\t\t\t\t\t<div class=\"elementor-element elementor-element-41693547 elementor-widget elementor-widget-image\" data-id=\"41693547\" data-element_type=\"widget\" data-e-type=\"widget\" data-widget_type=\"image.default\">\n\t\t\t\t<div class=\"elementor-widget-container\">\n\t\t\t\t\t\t\t\t\t\t\t\t\t\t\t<img fetchpriority=\"high\" decoding=\"async\" width=\"500\" height=\"400\" src=\"http:\/\/www.mauritex.com.br\/wp-content\/uploads\/2021\/03\/Acucar-foto-500x400.png\" class=\"attachment-bizberg_gallery size-bizberg_gallery wp-image-764\" alt=\"\" \/>\t\t\t\t\t\t\t\t\t\t\t\t\t\t\t<\/div>\n\t\t\t\t<\/div>\n\t\t\t\t<div class=\"elementor-element elementor-element-2405e45f elementor-align-center elementor-widget elementor-widget-button\" data-id=\"2405e45f\" data-element_type=\"widget\" data-e-type=\"widget\" data-widget_type=\"button.default\">\n\t\t\t\t<div class=\"elementor-widget-container\">\n\t\t\t\t\t\t\t\t\t<div class=\"elementor-button-wrapper\">\n\t\t\t\t\t<a class=\"elementor-button elementor-button-link elementor-size-xs\" href=\"http:\/\/www.mauritex.com.br\/index.php\/alimentos-em-sache\/#\">\n\t\t\t\t\t\t<span class=\"elementor-button-content-wrapper\">\n\t\t\t\t\t\t\t\t\t<span class=\"elementor-button-text\">Voltar<\/span>\n\t\t\t\t\t<\/span>\n\t\t\t\t\t<\/a>\n\t\t\t\t<\/div>\n\t\t\t\t\t\t\t\t<\/div>\n\t\t\t\t<\/div>\n\t\t\t\t\t<\/div>\n\t\t<\/div>\n\t\t\t\t\t<\/div>\n\t\t<\/section>\n\t\t\t\t<section class=\"elementor-section elementor-top-section elementor-element elementor-element-10655c5f elementor-section-boxed elementor-section-height-default elementor-section-height-default\" data-id=\"10655c5f\" data-element_type=\"section\" data-e-type=\"section\">\n\t\t\t\t\t\t<div class=\"elementor-container elementor-column-gap-default\">\n\t\t\t\t\t\t<\/div>\n\t\t<\/section>\n\t\t\t\t<\/div>\n\t\t","protected":false},"excerpt":{"rendered":"<p>A\u00e7\u00facar \u2013 sach\u00ea A quantidade ideal para cada bebida, sem desperd\u00edcio, pr\u00e1tico e higi\u00eanico.\u00a0 Embalagem individual: sach\u00ea 5gr com duas unidades Caixa com 1000 sach\u00eas. \u2013 Foto meramente ilustrativa. \u2013 A marca do produto pode variar de acordo com a disponibilidade em estoque. \u00a0FIQUE ATENTO:\u00a0Recomendado pela lei 10.605 dia 16\/01\/13 que sanciona todos estabelecimentos a utilizar os produtos: (sal, a\u00e7\u00facar, [&hellip;]<\/p>\n","protected":false},"author":1,"featured_media":0,"parent":0,"menu_order":0,"comment_status":"closed","ping_status":"closed","template":"","meta":{"ngg_post_thumbnail":0,"footnotes":""},"class_list":["post-761","page","type-page","status-publish","hentry"],"_links":{"self":[{"href":"http:\/\/www.mauritex.com.br\/index.php\/wp-json\/wp\/v2\/pages\/761","targetHints":{"allow":["GET"]}}],"collection":[{"href":"http:\/\/www.mauritex.com.br\/index.php\/wp-json\/wp\/v2\/pages"}],"about":[{"href":"http:\/\/www.mauritex.com.br\/index.php\/wp-json\/wp\/v2\/types\/page"}],"author":[{"embeddable":true,"href":"http:\/\/www.mauritex.com.br\/index.php\/wp-json\/wp\/v2\/users\/1"}],"replies":[{"embeddable":true,"href":"http:\/\/www.mauritex.com.br\/index.php\/wp-json\/wp\/v2\/comments?post=761"}],"version-history":[{"count":25,"href":"http:\/\/www.mauritex.com.br\/index.php\/wp-json\/wp\/v2\/pages\/761\/revisions"}],"predecessor-version":[{"id":1746,"href":"http:\/\/www.mauritex.com.br\/index.php\/wp-json\/wp\/v2\/pages\/761\/revisions\/1746"}],"wp:attachment":[{"href":"http:\/\/www.mauritex.com.br\/index.php\/wp-json\/wp\/v2\/media?parent=761"}],"curies":[{"name":"wp","href":"https:\/\/api.w.org\/{rel}","templated":true}]}}