{"id":754,"date":"2021-03-17T22:57:11","date_gmt":"2021-03-18T01:57:11","guid":{"rendered":"http:\/\/www.mauritex.com.br\/?page_id=754"},"modified":"2021-05-10T21:17:48","modified_gmt":"2021-05-11T00:17:48","slug":"adocante","status":"publish","type":"page","link":"http:\/\/www.mauritex.com.br\/index.php\/adocante\/","title":{"rendered":"Ado\u00e7ante"},"content":{"rendered":"\t\t<div data-elementor-type=\"wp-page\" data-elementor-id=\"754\" class=\"elementor elementor-754\">\n\t\t\t\t\t\t<section class=\"elementor-section elementor-top-section elementor-element elementor-element-ec45930 elementor-section-boxed elementor-section-height-default elementor-section-height-default\" data-id=\"ec45930\" data-element_type=\"section\" data-e-type=\"section\">\n\t\t\t\t\t\t<div class=\"elementor-container elementor-column-gap-default\">\n\t\t\t\t\t<div class=\"elementor-column elementor-col-100 elementor-top-column elementor-element elementor-element-3833b6d\" data-id=\"3833b6d\" data-element_type=\"column\" data-e-type=\"column\">\n\t\t\t<div class=\"elementor-widget-wrap elementor-element-populated\">\n\t\t\t\t\t\t<div class=\"elementor-element elementor-element-4995bbe8 elementor-widget elementor-widget-text-editor\" data-id=\"4995bbe8\" data-element_type=\"widget\" data-e-type=\"widget\" data-widget_type=\"text-editor.default\">\n\t\t\t\t<div class=\"elementor-widget-container\">\n\t\t\t\t\t\t\t\t\t<h1>Ado\u00e7ante \u2013 sach\u00ea<\/h1>\n<strong><em>Medida certa para quem precisa de cuidados maiores ou que tenha preocupa\u00e7\u00e3o em reduzir a\u00e7ucares e deseja ter uma boa sa\u00fade.\u00a0<\/em><\/strong>\n\n<strong><em>Para quem tem restri\u00e7\u00f5es como diabetes; ao consumir, aconselhamos consultar preferencialmente orienta\u00e7\u00e3o m\u00e9dica ou nutricionista para verificar se este produto lhe atender\u00e1. <\/em><\/strong>\n<ul>\n \t<li>Embalagem individual: sach\u00ea 0,5gr<\/li>\n \t<li>Caixa com 1000 pacotes.<\/li>\n<\/ul><\/br>\n\u2013 Foto meramente ilustrativa.\n<\/br>\n\u2013 A marca do produto pode variar de acordo com a disponibilidade em estoque.\t\t\t\t\t\t\t\t<\/div>\n\t\t\t\t<\/div>\n\t\t\t\t\t<\/div>\n\t\t<\/div>\n\t\t\t\t<div class=\"elementor-column elementor-col-100 elementor-top-column elementor-element elementor-element-5a65fe5e\" data-id=\"5a65fe5e\" data-element_type=\"column\" data-e-type=\"column\">\n\t\t\t<div class=\"elementor-widget-wrap elementor-element-populated\">\n\t\t\t\t\t\t<div class=\"elementor-element elementor-element-4c21d745 elementor-widget elementor-widget-image\" data-id=\"4c21d745\" data-element_type=\"widget\" data-e-type=\"widget\" data-widget_type=\"image.default\">\n\t\t\t\t<div class=\"elementor-widget-container\">\n\t\t\t\t\t\t\t\t\t\t\t\t\t\t\t<img fetchpriority=\"high\" decoding=\"async\" width=\"500\" height=\"400\" src=\"http:\/\/www.mauritex.com.br\/wp-content\/uploads\/2021\/03\/Adocante-500x400.png\" class=\"attachment-bizberg_gallery size-bizberg_gallery wp-image-757\" alt=\"\" srcset=\"http:\/\/www.mauritex.com.br\/wp-content\/uploads\/2021\/03\/Adocante-500x400.png 500w, http:\/\/www.mauritex.com.br\/wp-content\/uploads\/2021\/03\/Adocante-300x241.png 300w\" sizes=\"(max-width: 500px) 100vw, 500px\" \/>\t\t\t\t\t\t\t\t\t\t\t\t\t\t\t<\/div>\n\t\t\t\t<\/div>\n\t\t\t\t<div class=\"elementor-element elementor-element-14f9c72f elementor-align-center elementor-widget elementor-widget-button\" data-id=\"14f9c72f\" data-element_type=\"widget\" data-e-type=\"widget\" data-widget_type=\"button.default\">\n\t\t\t\t<div class=\"elementor-widget-container\">\n\t\t\t\t\t\t\t\t\t<div class=\"elementor-button-wrapper\">\n\t\t\t\t\t<a class=\"elementor-button elementor-button-link elementor-size-xs\" href=\"http:\/\/www.mauritex.com.br\/index.php\/alimentos-em-sache\/#\">\n\t\t\t\t\t\t<span class=\"elementor-button-content-wrapper\">\n\t\t\t\t\t\t\t\t\t<span class=\"elementor-button-text\">Voltar<\/span>\n\t\t\t\t\t<\/span>\n\t\t\t\t\t<\/a>\n\t\t\t\t<\/div>\n\t\t\t\t\t\t\t\t<\/div>\n\t\t\t\t<\/div>\n\t\t\t\t\t<\/div>\n\t\t<\/div>\n\t\t\t\t\t<\/div>\n\t\t<\/section>\n\t\t\t\t<section class=\"elementor-section elementor-top-section elementor-element elementor-element-35a4d624 elementor-section-boxed elementor-section-height-default elementor-section-height-default\" data-id=\"35a4d624\" data-element_type=\"section\" data-e-type=\"section\">\n\t\t\t\t\t\t<div class=\"elementor-container elementor-column-gap-default\">\n\t\t\t\t\t\t<\/div>\n\t\t<\/section>\n\t\t\t\t<\/div>\n\t\t","protected":false},"excerpt":{"rendered":"<p>Ado\u00e7ante \u2013 sach\u00ea Medida certa para quem precisa de cuidados maiores ou que tenha preocupa\u00e7\u00e3o em reduzir a\u00e7ucares e deseja ter uma boa sa\u00fade.\u00a0 Para quem tem restri\u00e7\u00f5es como diabetes; ao consumir, aconselhamos consultar preferencialmente orienta\u00e7\u00e3o m\u00e9dica ou nutricionista para verificar se este produto lhe atender\u00e1. Embalagem individual: sach\u00ea 0,5gr Caixa com 1000 pacotes. \u2013 Foto meramente ilustrativa. \u2013 A [&hellip;]<\/p>\n","protected":false},"author":1,"featured_media":0,"parent":0,"menu_order":0,"comment_status":"closed","ping_status":"closed","template":"","meta":{"ngg_post_thumbnail":0,"footnotes":""},"class_list":["post-754","page","type-page","status-publish","hentry"],"_links":{"self":[{"href":"http:\/\/www.mauritex.com.br\/index.php\/wp-json\/wp\/v2\/pages\/754","targetHints":{"allow":["GET"]}}],"collection":[{"href":"http:\/\/www.mauritex.com.br\/index.php\/wp-json\/wp\/v2\/pages"}],"about":[{"href":"http:\/\/www.mauritex.com.br\/index.php\/wp-json\/wp\/v2\/types\/page"}],"author":[{"embeddable":true,"href":"http:\/\/www.mauritex.com.br\/index.php\/wp-json\/wp\/v2\/users\/1"}],"replies":[{"embeddable":true,"href":"http:\/\/www.mauritex.com.br\/index.php\/wp-json\/wp\/v2\/comments?post=754"}],"version-history":[{"count":10,"href":"http:\/\/www.mauritex.com.br\/index.php\/wp-json\/wp\/v2\/pages\/754\/revisions"}],"predecessor-version":[{"id":1641,"href":"http:\/\/www.mauritex.com.br\/index.php\/wp-json\/wp\/v2\/pages\/754\/revisions\/1641"}],"wp:attachment":[{"href":"http:\/\/www.mauritex.com.br\/index.php\/wp-json\/wp\/v2\/media?parent=754"}],"curies":[{"name":"wp","href":"https:\/\/api.w.org\/{rel}","templated":true}]}}