{"id":747,"date":"2021-03-17T22:53:50","date_gmt":"2021-03-18T01:53:50","guid":{"rendered":"http:\/\/www.mauritex.com.br\/?page_id=747"},"modified":"2021-07-12T17:23:18","modified_gmt":"2021-07-12T20:23:18","slug":"amendoim","status":"publish","type":"page","link":"http:\/\/www.mauritex.com.br\/index.php\/amendoim\/","title":{"rendered":"Amendoim"},"content":{"rendered":"\t\t<div data-elementor-type=\"wp-page\" data-elementor-id=\"747\" class=\"elementor elementor-747\">\n\t\t\t\t\t\t<section class=\"elementor-section elementor-top-section elementor-element elementor-element-e5bc5e elementor-section-boxed elementor-section-height-default elementor-section-height-default\" data-id=\"e5bc5e\" data-element_type=\"section\" data-e-type=\"section\">\n\t\t\t\t\t\t<div class=\"elementor-container elementor-column-gap-default\">\n\t\t\t\t\t<div class=\"elementor-column elementor-col-100 elementor-top-column elementor-element elementor-element-6691df4\" data-id=\"6691df4\" data-element_type=\"column\" data-e-type=\"column\">\n\t\t\t<div class=\"elementor-widget-wrap elementor-element-populated\">\n\t\t\t\t\t\t<div class=\"elementor-element elementor-element-57b49edb elementor-widget elementor-widget-text-editor\" data-id=\"57b49edb\" data-element_type=\"widget\" data-e-type=\"widget\" data-widget_type=\"text-editor.default\">\n\t\t\t\t<div class=\"elementor-widget-container\">\n\t\t\t\t\t\t\t\t\t<p><strong>Amendoim torrado e salgado, sem casca.<\/strong><\/p><p><strong><em>Possui em sua composi\u00e7\u00e3o uma grande quantidade de vitaminas, reduz o colesterol e age como antioxidante. Dif\u00edcil resistir ao seu sabor, al\u00e9m de ser um dos petiscos com o custo mais baixo.<\/em><\/strong>\u00a0<\/p><ul><li>Embalagem individual: pacote 40grs<\/li><li>Caixa com 108 pacotes.<\/li><\/ul><p>\u00a0<\/p><p>\u00a0\u2013 Foto meramente ilustrativa.<\/p><p>\u2013 A marca do produto pode variar de acordo com a disponibilidade em estoque.<\/p>\t\t\t\t\t\t\t\t<\/div>\n\t\t\t\t<\/div>\n\t\t\t\t\t<\/div>\n\t\t<\/div>\n\t\t\t\t<div class=\"elementor-column elementor-col-100 elementor-top-column elementor-element elementor-element-61d95105\" data-id=\"61d95105\" data-element_type=\"column\" data-e-type=\"column\">\n\t\t\t<div class=\"elementor-widget-wrap elementor-element-populated\">\n\t\t\t\t\t\t<div class=\"elementor-element elementor-element-4b5c776 elementor-widget elementor-widget-image\" data-id=\"4b5c776\" data-element_type=\"widget\" data-e-type=\"widget\" data-widget_type=\"image.default\">\n\t\t\t\t<div class=\"elementor-widget-container\">\n\t\t\t\t\t\t\t\t\t\t\t\t\t\t\t<img fetchpriority=\"high\" decoding=\"async\" width=\"500\" height=\"400\" src=\"http:\/\/www.mauritex.com.br\/wp-content\/uploads\/2021\/03\/amendoin-500x400.png\" class=\"attachment-bizberg_gallery size-bizberg_gallery wp-image-750\" alt=\"\" srcset=\"http:\/\/www.mauritex.com.br\/wp-content\/uploads\/2021\/03\/amendoin.png 500w, http:\/\/www.mauritex.com.br\/wp-content\/uploads\/2021\/03\/amendoin-300x240.png 300w\" sizes=\"(max-width: 500px) 100vw, 500px\" \/>\t\t\t\t\t\t\t\t\t\t\t\t\t\t\t<\/div>\n\t\t\t\t<\/div>\n\t\t\t\t<div class=\"elementor-element elementor-element-3579ac31 elementor-align-center elementor-widget elementor-widget-button\" data-id=\"3579ac31\" data-element_type=\"widget\" data-e-type=\"widget\" data-widget_type=\"button.default\">\n\t\t\t\t<div class=\"elementor-widget-container\">\n\t\t\t\t\t\t\t\t\t<div class=\"elementor-button-wrapper\">\n\t\t\t\t\t<a class=\"elementor-button elementor-button-link elementor-size-xs\" href=\"http:\/\/www.mauritex.com.br\/index.php\/alimentos-em-sache\/#\">\n\t\t\t\t\t\t<span class=\"elementor-button-content-wrapper\">\n\t\t\t\t\t\t\t\t\t<span class=\"elementor-button-text\">Voltar<\/span>\n\t\t\t\t\t<\/span>\n\t\t\t\t\t<\/a>\n\t\t\t\t<\/div>\n\t\t\t\t\t\t\t\t<\/div>\n\t\t\t\t<\/div>\n\t\t\t\t\t<\/div>\n\t\t<\/div>\n\t\t\t\t\t<\/div>\n\t\t<\/section>\n\t\t\t\t<section class=\"elementor-section elementor-top-section elementor-element elementor-element-30814bf5 elementor-section-boxed elementor-section-height-default elementor-section-height-default\" data-id=\"30814bf5\" data-element_type=\"section\" data-e-type=\"section\">\n\t\t\t\t\t\t<div class=\"elementor-container elementor-column-gap-default\">\n\t\t\t\t\t\t<\/div>\n\t\t<\/section>\n\t\t\t\t<\/div>\n\t\t","protected":false},"excerpt":{"rendered":"<p>Amendoim torrado e salgado, sem casca. Possui em sua composi\u00e7\u00e3o uma grande quantidade de vitaminas, reduz o colesterol e age como antioxidante. Dif\u00edcil resistir ao seu sabor, al\u00e9m de ser um dos petiscos com o custo mais baixo.\u00a0 Embalagem individual: pacote 40grs Caixa com 108 pacotes. \u00a0 \u00a0\u2013 Foto meramente ilustrativa. \u2013 A marca do produto pode variar de acordo [&hellip;]<\/p>\n","protected":false},"author":1,"featured_media":0,"parent":0,"menu_order":0,"comment_status":"closed","ping_status":"closed","template":"","meta":{"ngg_post_thumbnail":0,"footnotes":""},"class_list":["post-747","page","type-page","status-publish","hentry"],"_links":{"self":[{"href":"http:\/\/www.mauritex.com.br\/index.php\/wp-json\/wp\/v2\/pages\/747","targetHints":{"allow":["GET"]}}],"collection":[{"href":"http:\/\/www.mauritex.com.br\/index.php\/wp-json\/wp\/v2\/pages"}],"about":[{"href":"http:\/\/www.mauritex.com.br\/index.php\/wp-json\/wp\/v2\/types\/page"}],"author":[{"embeddable":true,"href":"http:\/\/www.mauritex.com.br\/index.php\/wp-json\/wp\/v2\/users\/1"}],"replies":[{"embeddable":true,"href":"http:\/\/www.mauritex.com.br\/index.php\/wp-json\/wp\/v2\/comments?post=747"}],"version-history":[{"count":13,"href":"http:\/\/www.mauritex.com.br\/index.php\/wp-json\/wp\/v2\/pages\/747\/revisions"}],"predecessor-version":[{"id":1968,"href":"http:\/\/www.mauritex.com.br\/index.php\/wp-json\/wp\/v2\/pages\/747\/revisions\/1968"}],"wp:attachment":[{"href":"http:\/\/www.mauritex.com.br\/index.php\/wp-json\/wp\/v2\/media?parent=747"}],"curies":[{"name":"wp","href":"https:\/\/api.w.org\/{rel}","templated":true}]}}