{"id":701,"date":"2021-03-17T22:12:18","date_gmt":"2021-03-18T01:12:18","guid":{"rendered":"http:\/\/www.mauritex.com.br\/?page_id=701"},"modified":"2021-05-10T21:11:56","modified_gmt":"2021-05-11T00:11:56","slug":"margarina-com-sal","status":"publish","type":"page","link":"http:\/\/www.mauritex.com.br\/index.php\/margarina-com-sal\/","title":{"rendered":"Margarina com sal"},"content":{"rendered":"\t\t<div data-elementor-type=\"wp-page\" data-elementor-id=\"701\" class=\"elementor elementor-701\">\n\t\t\t\t\t\t<section class=\"elementor-section elementor-top-section elementor-element elementor-element-48caa72 elementor-section-boxed elementor-section-height-default elementor-section-height-default\" data-id=\"48caa72\" data-element_type=\"section\" data-e-type=\"section\">\n\t\t\t\t\t\t<div class=\"elementor-container elementor-column-gap-default\">\n\t\t\t\t\t<div class=\"elementor-column elementor-col-100 elementor-top-column elementor-element elementor-element-413d622e\" data-id=\"413d622e\" data-element_type=\"column\" data-e-type=\"column\">\n\t\t\t<div class=\"elementor-widget-wrap elementor-element-populated\">\n\t\t\t\t\t\t<div class=\"elementor-element elementor-element-71258c68 elementor-widget elementor-widget-text-editor\" data-id=\"71258c68\" data-element_type=\"widget\" data-e-type=\"widget\" data-widget_type=\"text-editor.default\">\n\t\t\t\t<div class=\"elementor-widget-container\">\n\t\t\t\t\t\t\t\t\t<strong>Margarina com Sal \u2013 bl\u00edster<\/strong>\n\n<strong><em>\u00c9 um produto com apar\u00eancia de manteiga. Produzida a partir de uma grande variedade de \u00f3leos vegetais parcialmente hidrogenada, geralmente misturada com sal, \u00e1gua e emulsionantes. \u00a0Quantidade certa para evitar desperd\u00edcio.<\/em><\/strong>\n<ul>\n \t<li>Embalagem individual: blister 10gr<\/li>\n \t<li>Caixa com 192 unidades.<\/li>\n<\/ul><\/br>\n\u2013 Foto meramente ilustrativa.\n<\/br>\n\u2013 A marca do produto pode variar de acordo com a disponibilidade em estoque.\t\t\t\t\t\t\t\t<\/div>\n\t\t\t\t<\/div>\n\t\t\t\t\t<\/div>\n\t\t<\/div>\n\t\t\t\t<div class=\"elementor-column elementor-col-100 elementor-top-column elementor-element elementor-element-3be4d09\" data-id=\"3be4d09\" data-element_type=\"column\" data-e-type=\"column\">\n\t\t\t<div class=\"elementor-widget-wrap elementor-element-populated\">\n\t\t\t\t\t\t<div class=\"elementor-element elementor-element-6b57e039 elementor-widget elementor-widget-image\" data-id=\"6b57e039\" data-element_type=\"widget\" data-e-type=\"widget\" data-widget_type=\"image.default\">\n\t\t\t\t<div class=\"elementor-widget-container\">\n\t\t\t\t\t\t\t\t\t\t\t\t\t\t\t<img fetchpriority=\"high\" decoding=\"async\" width=\"500\" height=\"400\" src=\"http:\/\/www.mauritex.com.br\/wp-content\/uploads\/2021\/03\/margarina-500x400.png\" class=\"attachment-bizberg_gallery size-bizberg_gallery wp-image-704\" alt=\"\" \/>\t\t\t\t\t\t\t\t\t\t\t\t\t\t\t<\/div>\n\t\t\t\t<\/div>\n\t\t\t\t<div class=\"elementor-element elementor-element-a02f327 elementor-align-center elementor-widget elementor-widget-button\" data-id=\"a02f327\" data-element_type=\"widget\" data-e-type=\"widget\" data-widget_type=\"button.default\">\n\t\t\t\t<div class=\"elementor-widget-container\">\n\t\t\t\t\t\t\t\t\t<div class=\"elementor-button-wrapper\">\n\t\t\t\t\t<a class=\"elementor-button elementor-button-link elementor-size-xs\" href=\"http:\/\/www.mauritex.com.br\/index.php\/alimentos-em-sache\/#\">\n\t\t\t\t\t\t<span class=\"elementor-button-content-wrapper\">\n\t\t\t\t\t\t\t\t\t<span class=\"elementor-button-text\">Voltar<\/span>\n\t\t\t\t\t<\/span>\n\t\t\t\t\t<\/a>\n\t\t\t\t<\/div>\n\t\t\t\t\t\t\t\t<\/div>\n\t\t\t\t<\/div>\n\t\t\t\t\t<\/div>\n\t\t<\/div>\n\t\t\t\t\t<\/div>\n\t\t<\/section>\n\t\t\t\t<section class=\"elementor-section elementor-top-section elementor-element elementor-element-28ad430f elementor-section-boxed elementor-section-height-default elementor-section-height-default\" data-id=\"28ad430f\" data-element_type=\"section\" data-e-type=\"section\">\n\t\t\t\t\t\t<div class=\"elementor-container elementor-column-gap-default\">\n\t\t\t\t\t\t<\/div>\n\t\t<\/section>\n\t\t\t\t<\/div>\n\t\t","protected":false},"excerpt":{"rendered":"<p>Margarina com Sal \u2013 bl\u00edster \u00c9 um produto com apar\u00eancia de manteiga. Produzida a partir de uma grande variedade de \u00f3leos vegetais parcialmente hidrogenada, geralmente misturada com sal, \u00e1gua e emulsionantes. \u00a0Quantidade certa para evitar desperd\u00edcio. Embalagem individual: blister 10gr Caixa com 192 unidades. \u2013 Foto meramente ilustrativa. \u2013 A marca do produto pode variar de acordo com a disponibilidade [&hellip;]<\/p>\n","protected":false},"author":1,"featured_media":0,"parent":0,"menu_order":0,"comment_status":"closed","ping_status":"closed","template":"","meta":{"ngg_post_thumbnail":0,"footnotes":""},"class_list":["post-701","page","type-page","status-publish","hentry"],"_links":{"self":[{"href":"http:\/\/www.mauritex.com.br\/index.php\/wp-json\/wp\/v2\/pages\/701","targetHints":{"allow":["GET"]}}],"collection":[{"href":"http:\/\/www.mauritex.com.br\/index.php\/wp-json\/wp\/v2\/pages"}],"about":[{"href":"http:\/\/www.mauritex.com.br\/index.php\/wp-json\/wp\/v2\/types\/page"}],"author":[{"embeddable":true,"href":"http:\/\/www.mauritex.com.br\/index.php\/wp-json\/wp\/v2\/users\/1"}],"replies":[{"embeddable":true,"href":"http:\/\/www.mauritex.com.br\/index.php\/wp-json\/wp\/v2\/comments?post=701"}],"version-history":[{"count":10,"href":"http:\/\/www.mauritex.com.br\/index.php\/wp-json\/wp\/v2\/pages\/701\/revisions"}],"predecessor-version":[{"id":1626,"href":"http:\/\/www.mauritex.com.br\/index.php\/wp-json\/wp\/v2\/pages\/701\/revisions\/1626"}],"wp:attachment":[{"href":"http:\/\/www.mauritex.com.br\/index.php\/wp-json\/wp\/v2\/media?parent=701"}],"curies":[{"name":"wp","href":"https:\/\/api.w.org\/{rel}","templated":true}]}}