{"id":694,"date":"2021-03-17T22:07:47","date_gmt":"2021-03-18T01:07:47","guid":{"rendered":"http:\/\/www.mauritex.com.br\/?page_id=694"},"modified":"2021-05-10T21:07:46","modified_gmt":"2021-05-11T00:07:46","slug":"mel-blister","status":"publish","type":"page","link":"http:\/\/www.mauritex.com.br\/index.php\/mel-blister\/","title":{"rendered":"Mel \u2013 Bl\u00edster"},"content":{"rendered":"\t\t<div data-elementor-type=\"wp-page\" data-elementor-id=\"694\" class=\"elementor elementor-694\">\n\t\t\t\t\t\t<section class=\"elementor-section elementor-top-section elementor-element elementor-element-4bc90ba0 elementor-section-boxed elementor-section-height-default elementor-section-height-default\" data-id=\"4bc90ba0\" data-element_type=\"section\" data-e-type=\"section\">\n\t\t\t\t\t\t<div class=\"elementor-container elementor-column-gap-default\">\n\t\t\t\t\t<div class=\"elementor-column elementor-col-100 elementor-top-column elementor-element elementor-element-608ce9d2\" data-id=\"608ce9d2\" data-element_type=\"column\" data-e-type=\"column\">\n\t\t\t<div class=\"elementor-widget-wrap elementor-element-populated\">\n\t\t\t\t\t\t<div class=\"elementor-element elementor-element-743b886e elementor-widget elementor-widget-text-editor\" data-id=\"743b886e\" data-element_type=\"widget\" data-e-type=\"widget\" data-widget_type=\"text-editor.default\">\n\t\t\t\t<div class=\"elementor-widget-container\">\n\t\t\t\t\t\t\t\t\t<strong>Mel \u2013 bl\u00edster<\/strong>\n\n<strong><em>\u00c9 um dos principais produtos das abelhas, doce e altamente nutritivo, terap\u00eautico al\u00e9m de fortificante. Na medida certa para acompanhar o seu lanche.<\/em><\/strong>\n<ul>\n \t<li>Embalagem individual: blister 15gr<\/li>\n \t<li>Caixa com 144 unidades.<\/li>\n<\/ul><\/br>\n\u2013 Foto meramente ilustrativa.\n<\/br>\n\u2013 A marca do produto pode variar de acordo com a disponibilidade em estoque.\t\t\t\t\t\t\t\t<\/div>\n\t\t\t\t<\/div>\n\t\t\t\t\t<\/div>\n\t\t<\/div>\n\t\t\t\t<div class=\"elementor-column elementor-col-100 elementor-top-column elementor-element elementor-element-23c00a10\" data-id=\"23c00a10\" data-element_type=\"column\" data-e-type=\"column\">\n\t\t\t<div class=\"elementor-widget-wrap elementor-element-populated\">\n\t\t\t\t\t\t<div class=\"elementor-element elementor-element-2c6291ba elementor-widget elementor-widget-image\" data-id=\"2c6291ba\" data-element_type=\"widget\" data-e-type=\"widget\" data-widget_type=\"image.default\">\n\t\t\t\t<div class=\"elementor-widget-container\">\n\t\t\t\t\t\t\t\t\t\t\t\t\t\t\t<img fetchpriority=\"high\" decoding=\"async\" width=\"500\" height=\"400\" src=\"http:\/\/www.mauritex.com.br\/wp-content\/uploads\/2021\/03\/mel_foto-500x400.png\" class=\"attachment-bizberg_gallery size-bizberg_gallery wp-image-697\" alt=\"\" srcset=\"http:\/\/www.mauritex.com.br\/wp-content\/uploads\/2021\/03\/mel_foto.png 500w, http:\/\/www.mauritex.com.br\/wp-content\/uploads\/2021\/03\/mel_foto-300x240.png 300w\" sizes=\"(max-width: 500px) 100vw, 500px\" \/>\t\t\t\t\t\t\t\t\t\t\t\t\t\t\t<\/div>\n\t\t\t\t<\/div>\n\t\t\t\t<div class=\"elementor-element elementor-element-1de73bc0 elementor-align-center elementor-widget elementor-widget-button\" data-id=\"1de73bc0\" data-element_type=\"widget\" data-e-type=\"widget\" data-widget_type=\"button.default\">\n\t\t\t\t<div class=\"elementor-widget-container\">\n\t\t\t\t\t\t\t\t\t<div class=\"elementor-button-wrapper\">\n\t\t\t\t\t<a class=\"elementor-button elementor-button-link elementor-size-xs\" href=\"http:\/\/www.mauritex.com.br\/index.php\/alimentos-em-sache\/#\">\n\t\t\t\t\t\t<span class=\"elementor-button-content-wrapper\">\n\t\t\t\t\t\t\t\t\t<span class=\"elementor-button-text\">Voltar<\/span>\n\t\t\t\t\t<\/span>\n\t\t\t\t\t<\/a>\n\t\t\t\t<\/div>\n\t\t\t\t\t\t\t\t<\/div>\n\t\t\t\t<\/div>\n\t\t\t\t\t<\/div>\n\t\t<\/div>\n\t\t\t\t\t<\/div>\n\t\t<\/section>\n\t\t\t\t<section class=\"elementor-section elementor-top-section elementor-element elementor-element-10c7b48b elementor-section-boxed elementor-section-height-default elementor-section-height-default\" data-id=\"10c7b48b\" data-element_type=\"section\" data-e-type=\"section\">\n\t\t\t\t\t\t<div class=\"elementor-container elementor-column-gap-default\">\n\t\t\t\t\t\t<\/div>\n\t\t<\/section>\n\t\t\t\t<\/div>\n\t\t","protected":false},"excerpt":{"rendered":"<p>Mel \u2013 bl\u00edster \u00c9 um dos principais produtos das abelhas, doce e altamente nutritivo, terap\u00eautico al\u00e9m de fortificante. Na medida certa para acompanhar o seu lanche. Embalagem individual: blister 15gr Caixa com 144 unidades. \u2013 Foto meramente ilustrativa. \u2013 A marca do produto pode variar de acordo com a disponibilidade em estoque. Voltar<\/p>\n","protected":false},"author":1,"featured_media":0,"parent":0,"menu_order":0,"comment_status":"closed","ping_status":"closed","template":"","meta":{"ngg_post_thumbnail":0,"footnotes":""},"class_list":["post-694","page","type-page","status-publish","hentry"],"_links":{"self":[{"href":"http:\/\/www.mauritex.com.br\/index.php\/wp-json\/wp\/v2\/pages\/694","targetHints":{"allow":["GET"]}}],"collection":[{"href":"http:\/\/www.mauritex.com.br\/index.php\/wp-json\/wp\/v2\/pages"}],"about":[{"href":"http:\/\/www.mauritex.com.br\/index.php\/wp-json\/wp\/v2\/types\/page"}],"author":[{"embeddable":true,"href":"http:\/\/www.mauritex.com.br\/index.php\/wp-json\/wp\/v2\/users\/1"}],"replies":[{"embeddable":true,"href":"http:\/\/www.mauritex.com.br\/index.php\/wp-json\/wp\/v2\/comments?post=694"}],"version-history":[{"count":20,"href":"http:\/\/www.mauritex.com.br\/index.php\/wp-json\/wp\/v2\/pages\/694\/revisions"}],"predecessor-version":[{"id":1620,"href":"http:\/\/www.mauritex.com.br\/index.php\/wp-json\/wp\/v2\/pages\/694\/revisions\/1620"}],"wp:attachment":[{"href":"http:\/\/www.mauritex.com.br\/index.php\/wp-json\/wp\/v2\/media?parent=694"}],"curies":[{"name":"wp","href":"https:\/\/api.w.org\/{rel}","templated":true}]}}