{"id":2,"date":"2021-02-20T13:56:50","date_gmt":"2021-02-20T16:56:50","guid":{"rendered":"http:\/\/www.mauritex.com.br\/?page_id=2"},"modified":"2021-05-22T12:30:04","modified_gmt":"2021-05-22T15:30:04","slug":"pagina-exemplo","status":"publish","type":"page","link":"http:\/\/www.mauritex.com.br\/","title":{"rendered":"home"},"content":{"rendered":"\t\t<div data-elementor-type=\"wp-page\" data-elementor-id=\"2\" class=\"elementor elementor-2\">\n\t\t\t\t\t\t<section class=\"elementor-section elementor-top-section elementor-element elementor-element-5c07b6c elementor-section-full_width elementor-section-height-default elementor-section-height-default\" data-id=\"5c07b6c\" data-element_type=\"section\" data-e-type=\"section\">\n\t\t\t\t\t\t<div class=\"elementor-container elementor-column-gap-default\">\n\t\t\t\t\t<div class=\"elementor-column elementor-col-33 elementor-top-column elementor-element elementor-element-ba0caf2\" data-id=\"ba0caf2\" data-element_type=\"column\" data-e-type=\"column\">\n\t\t\t<div class=\"elementor-widget-wrap elementor-element-populated\">\n\t\t\t\t\t\t<div class=\"elementor-element elementor-element-5d43cac elementor-widget elementor-widget-heading\" data-id=\"5d43cac\" data-element_type=\"widget\" data-e-type=\"widget\" data-widget_type=\"heading.default\">\n\t\t\t\t<div class=\"elementor-widget-container\">\n\t\t\t\t\t<h2 class=\"elementor-heading-title elementor-size-default\">Quem somos<\/h2>\t\t\t\t<\/div>\n\t\t\t\t<\/div>\n\t\t\t\t<div class=\"elementor-element elementor-element-b85cdef elementor-widget elementor-widget-text-editor\" data-id=\"b85cdef\" data-element_type=\"widget\" data-e-type=\"widget\" data-widget_type=\"text-editor.default\">\n\t\t\t\t<div class=\"elementor-widget-container\">\n\t\t\t\t\t\t\t\t\t<p>A Mauritex \u00e9 uma empresa com tradi\u00e7\u00e3o familiar de mais de 30 anos no ramo hoteleiro. Especializada na distribui\u00e7\u00e3o de produtos selecionados de grandes marcas; de higiene pessoal em miniaturas e descart\u00e1veis.<\/p>\t\t\t\t\t\t\t\t<\/div>\n\t\t\t\t<\/div>\n\t\t\t\t<div class=\"elementor-element elementor-element-b93e407 elementor-widget elementor-widget-button\" data-id=\"b93e407\" data-element_type=\"widget\" data-e-type=\"widget\" data-widget_type=\"button.default\">\n\t\t\t\t<div class=\"elementor-widget-container\">\n\t\t\t\t\t\t\t\t\t<div class=\"elementor-button-wrapper\">\n\t\t\t\t\t<a class=\"elementor-button elementor-button-link elementor-size-md\" href=\"http:\/\/www.mauritex.com.br\/index.php\/quem-somos\/\">\n\t\t\t\t\t\t<span class=\"elementor-button-content-wrapper\">\n\t\t\t\t\t\t\t\t\t<span class=\"elementor-button-text\">SAIBA MAIS<\/span>\n\t\t\t\t\t<\/span>\n\t\t\t\t\t<\/a>\n\t\t\t\t<\/div>\n\t\t\t\t\t\t\t\t<\/div>\n\t\t\t\t<\/div>\n\t\t\t\t\t<\/div>\n\t\t<\/div>\n\t\t\t\t<div class=\"elementor-column elementor-col-33 elementor-top-column elementor-element elementor-element-4a18d32\" data-id=\"4a18d32\" data-element_type=\"column\" data-e-type=\"column\">\n\t\t\t<div class=\"elementor-widget-wrap\">\n\t\t\t\t\t\t\t<\/div>\n\t\t<\/div>\n\t\t\t\t<div class=\"elementor-column elementor-col-33 elementor-top-column elementor-element elementor-element-0cf4d10\" data-id=\"0cf4d10\" data-element_type=\"column\" data-e-type=\"column\">\n\t\t\t<div class=\"elementor-widget-wrap elementor-element-populated\">\n\t\t\t\t\t\t<div class=\"elementor-element elementor-element-631876a elementor-widget elementor-widget-heading\" data-id=\"631876a\" data-element_type=\"widget\" data-e-type=\"widget\" data-widget_type=\"heading.default\">\n\t\t\t\t<div class=\"elementor-widget-container\">\n\t\t\t\t\t<h2 class=\"elementor-heading-title elementor-size-default\">Qualidade com requinte!<\/h2>\t\t\t\t<\/div>\n\t\t\t\t<\/div>\n\t\t\t\t<div class=\"elementor-element elementor-element-a4b210f elementor-widget elementor-widget-image\" data-id=\"a4b210f\" data-element_type=\"widget\" data-e-type=\"widget\" data-widget_type=\"image.default\">\n\t\t\t\t<div class=\"elementor-widget-container\">\n\t\t\t\t\t\t\t\t\t\t\t\t\t\t\t<img fetchpriority=\"high\" decoding=\"async\" width=\"640\" height=\"304\" src=\"https:\/\/www.mauritex.com.br\/wp-content\/uploads\/2021\/02\/sabonete3.jpg\" class=\"attachment-large size-large wp-image-216\" alt=\"\" srcset=\"https:\/\/www.mauritex.com.br\/wp-content\/uploads\/2021\/02\/sabonete3.jpg 1018w, https:\/\/www.mauritex.com.br\/wp-content\/uploads\/2021\/02\/sabonete3-300x143.jpg 300w, https:\/\/www.mauritex.com.br\/wp-content\/uploads\/2021\/02\/sabonete3-768x365.jpg 768w\" sizes=\"(max-width: 640px) 100vw, 640px\" \/>\t\t\t\t\t\t\t\t\t\t\t\t\t\t\t<\/div>\n\t\t\t\t<\/div>\n\t\t\t\t\t<\/div>\n\t\t<\/div>\n\t\t\t\t\t<\/div>\n\t\t<\/section>\n\t\t\t\t<section class=\"elementor-section elementor-top-section elementor-element elementor-element-2e64416 elementor-section-boxed elementor-section-height-default elementor-section-height-default\" data-id=\"2e64416\" data-element_type=\"section\" data-e-type=\"section\">\n\t\t\t\t\t\t<div class=\"elementor-container elementor-column-gap-default\">\n\t\t\t\t\t<div class=\"elementor-column elementor-col-50 elementor-top-column elementor-element elementor-element-9c2b295\" data-id=\"9c2b295\" data-element_type=\"column\" data-e-type=\"column\">\n\t\t\t<div class=\"elementor-widget-wrap elementor-element-populated\">\n\t\t\t\t\t\t\t<\/div>\n\t\t<\/div>\n\t\t\t\t<div class=\"elementor-column elementor-col-50 elementor-top-column elementor-element elementor-element-64d4b42\" data-id=\"64d4b42\" data-element_type=\"column\" data-e-type=\"column\">\n\t\t\t<div class=\"elementor-widget-wrap\">\n\t\t\t\t\t\t\t<\/div>\n\t\t<\/div>\n\t\t\t\t\t<\/div>\n\t\t<\/section>\n\t\t\t\t<section class=\"elementor-section elementor-top-section elementor-element elementor-element-d748774 elementor-section-boxed elementor-section-height-default elementor-section-height-default\" data-id=\"d748774\" data-element_type=\"section\" data-e-type=\"section\">\n\t\t\t\t\t\t<div class=\"elementor-container elementor-column-gap-default\">\n\t\t\t\t\t<div class=\"elementor-column elementor-col-100 elementor-top-column elementor-element elementor-element-ea3aa3e\" data-id=\"ea3aa3e\" data-element_type=\"column\" data-e-type=\"column\">\n\t\t\t<div class=\"elementor-widget-wrap elementor-element-populated\">\n\t\t\t\t\t\t<div class=\"elementor-element elementor-element-b26c74b elementor-widget elementor-widget-heading\" data-id=\"b26c74b\" data-element_type=\"widget\" data-e-type=\"widget\" data-widget_type=\"heading.default\">\n\t\t\t\t<div class=\"elementor-widget-container\">\n\t\t\t\t\t<h2 class=\"elementor-heading-title elementor-size-default\">Produtos em destaque<\/h2>\t\t\t\t<\/div>\n\t\t\t\t<\/div>\n\t\t\t\t\t<\/div>\n\t\t<\/div>\n\t\t\t\t\t<\/div>\n\t\t<\/section>\n\t\t\t\t<section class=\"elementor-section elementor-top-section elementor-element elementor-element-38ad594 elementor-section-boxed elementor-section-height-default elementor-section-height-default\" data-id=\"38ad594\" data-element_type=\"section\" data-e-type=\"section\">\n\t\t\t\t\t\t<div class=\"elementor-container elementor-column-gap-default\">\n\t\t\t\t\t<div class=\"elementor-column elementor-col-33 elementor-top-column elementor-element elementor-element-9fb453b\" data-id=\"9fb453b\" data-element_type=\"column\" data-e-type=\"column\">\n\t\t\t<div class=\"elementor-widget-wrap elementor-element-populated\">\n\t\t\t\t\t\t<div class=\"elementor-element elementor-element-0a00e31 elementor-widget__width-initial elementor-widget elementor-widget-image\" data-id=\"0a00e31\" data-element_type=\"widget\" data-e-type=\"widget\" data-widget_type=\"image.default\">\n\t\t\t\t<div class=\"elementor-widget-container\">\n\t\t\t\t\t\t\t\t\t\t\t\t\t\t\t\t<a href=\"http:\/\/www.mauritex.com.br\/index.php\/elementor-15\/\">\n\t\t\t\t\t\t\t<img decoding=\"async\" width=\"300\" height=\"300\" src=\"https:\/\/www.mauritex.com.br\/wp-content\/uploads\/2021\/03\/Sabonete-300x300.jpg\" class=\"attachment-medium size-medium wp-image-444\" alt=\"\" srcset=\"https:\/\/www.mauritex.com.br\/wp-content\/uploads\/2021\/03\/Sabonete-300x300.jpg 300w, https:\/\/www.mauritex.com.br\/wp-content\/uploads\/2021\/03\/Sabonete-150x150.jpg 150w, https:\/\/www.mauritex.com.br\/wp-content\/uploads\/2021\/03\/Sabonete.jpg 500w\" sizes=\"(max-width: 300px) 100vw, 300px\" \/>\t\t\t\t\t\t\t\t<\/a>\n\t\t\t\t\t\t\t\t\t\t\t\t\t\t\t<\/div>\n\t\t\t\t<\/div>\n\t\t\t\t<div class=\"elementor-element elementor-element-a7902ec elementor-widget__width-initial elementor-widget elementor-widget-text-editor\" data-id=\"a7902ec\" data-element_type=\"widget\" data-e-type=\"widget\" data-widget_type=\"text-editor.default\">\n\t\t\t\t<div class=\"elementor-widget-container\">\n\t\t\t\t\t\t\t\t\t<h3 style=\"text-align: center;\">Sabonetes<\/h3><p>Mini sabonete com qualidade, no tamanho ideal para um banho individualizado com\u00a0 fragr\u00e2ncias agrad\u00e1veis sem desperd\u00edcio. Nas gramaturas: 10gr, 11gr, 15gr e 20gr, para melhor lhe atender.<\/p>\t\t\t\t\t\t\t\t<\/div>\n\t\t\t\t<\/div>\n\t\t\t\t\t<\/div>\n\t\t<\/div>\n\t\t\t\t<div class=\"elementor-column elementor-col-33 elementor-top-column elementor-element elementor-element-0092668\" data-id=\"0092668\" data-element_type=\"column\" data-e-type=\"column\">\n\t\t\t<div class=\"elementor-widget-wrap elementor-element-populated\">\n\t\t\t\t\t\t<div class=\"elementor-element elementor-element-a7d6f98 elementor-widget__width-initial elementor-widget elementor-widget-image\" data-id=\"a7d6f98\" data-element_type=\"widget\" data-e-type=\"widget\" data-widget_type=\"image.default\">\n\t\t\t\t<div class=\"elementor-widget-container\">\n\t\t\t\t\t\t\t\t\t\t\t\t\t\t\t\t<a href=\"http:\/\/www.mauritex.com.br\/index.php\/cosmeticos\/\">\n\t\t\t\t\t\t\t<img decoding=\"async\" width=\"300\" height=\"300\" src=\"https:\/\/www.mauritex.com.br\/wp-content\/uploads\/2021\/03\/cosmeticos-300x300.jpg\" class=\"attachment-medium size-medium wp-image-445\" alt=\"\" srcset=\"https:\/\/www.mauritex.com.br\/wp-content\/uploads\/2021\/03\/cosmeticos-300x300.jpg 300w, https:\/\/www.mauritex.com.br\/wp-content\/uploads\/2021\/03\/cosmeticos-150x150.jpg 150w, https:\/\/www.mauritex.com.br\/wp-content\/uploads\/2021\/03\/cosmeticos.jpg 500w\" sizes=\"(max-width: 300px) 100vw, 300px\" \/>\t\t\t\t\t\t\t\t<\/a>\n\t\t\t\t\t\t\t\t\t\t\t\t\t\t\t<\/div>\n\t\t\t\t<\/div>\n\t\t\t\t<div class=\"elementor-element elementor-element-1e94c52 elementor-widget__width-initial elementor-widget elementor-widget-text-editor\" data-id=\"1e94c52\" data-element_type=\"widget\" data-e-type=\"widget\" data-widget_type=\"text-editor.default\">\n\t\t\t\t<div class=\"elementor-widget-container\">\n\t\t\t\t\t\t\t\t\t<h3 style=\"text-align: center;\">Cosm\u00e9ticos \/Amenities<\/h3>\n<p>Produtos espec\u00edficos e diferenciados para seu neg\u00f3cio. Requinte e qualidade em pequenas propor\u00e7\u00f5es para banhos individualizados. Nas vers\u00f5es Sach\u00eas e Frascos.&nbsp;<\/p>\t\t\t\t\t\t\t\t<\/div>\n\t\t\t\t<\/div>\n\t\t\t\t\t<\/div>\n\t\t<\/div>\n\t\t\t\t<div class=\"elementor-column elementor-col-33 elementor-top-column elementor-element elementor-element-8406ee5\" data-id=\"8406ee5\" data-element_type=\"column\" data-e-type=\"column\">\n\t\t\t<div class=\"elementor-widget-wrap elementor-element-populated\">\n\t\t\t\t\t\t<div class=\"elementor-element elementor-element-2b53349 elementor-widget__width-initial elementor-widget elementor-widget-image\" data-id=\"2b53349\" data-element_type=\"widget\" data-e-type=\"widget\" data-widget_type=\"image.default\">\n\t\t\t\t<div class=\"elementor-widget-container\">\n\t\t\t\t\t\t\t\t\t\t\t\t\t\t\t\t<a href=\"http:\/\/www.mauritex.com.br\/index.php\/preservativos-gel\/\">\n\t\t\t\t\t\t\t<img loading=\"lazy\" decoding=\"async\" width=\"300\" height=\"300\" src=\"https:\/\/www.mauritex.com.br\/wp-content\/uploads\/2021\/03\/Preservativo-2-300x300.jpg\" class=\"attachment-medium size-medium wp-image-458\" alt=\"\" srcset=\"https:\/\/www.mauritex.com.br\/wp-content\/uploads\/2021\/03\/Preservativo-2-300x300.jpg 300w, https:\/\/www.mauritex.com.br\/wp-content\/uploads\/2021\/03\/Preservativo-2-150x150.jpg 150w, https:\/\/www.mauritex.com.br\/wp-content\/uploads\/2021\/03\/Preservativo-2.jpg 500w\" sizes=\"(max-width: 300px) 100vw, 300px\" \/>\t\t\t\t\t\t\t\t<\/a>\n\t\t\t\t\t\t\t\t\t\t\t\t\t\t\t<\/div>\n\t\t\t\t<\/div>\n\t\t\t\t<div class=\"elementor-element elementor-element-cf187c4 elementor-widget__width-initial elementor-widget elementor-widget-text-editor\" data-id=\"cf187c4\" data-element_type=\"widget\" data-e-type=\"widget\" data-widget_type=\"text-editor.default\">\n\t\t\t\t<div class=\"elementor-widget-container\">\n\t\t\t\t\t\t\t\t\t<h3 style=\"text-align: center;\">Preservativos &amp; Gel<\/h3>\n<p>Diversidade em preservativos com pre\u00e7os competitivos, gerando excelente rentabilidade ao seu neg\u00f3cio. Gel Lubrificante na quantidade ideal para evitar desperd\u00edcio obtendo-se custo-benef\u00edcio.<\/p>\t\t\t\t\t\t\t\t<\/div>\n\t\t\t\t<\/div>\n\t\t\t\t\t<\/div>\n\t\t<\/div>\n\t\t\t\t\t<\/div>\n\t\t<\/section>\n\t\t\t\t<section class=\"elementor-section elementor-top-section elementor-element elementor-element-61c2657 elementor-section-boxed elementor-section-height-default elementor-section-height-default\" data-id=\"61c2657\" data-element_type=\"section\" data-e-type=\"section\">\n\t\t\t\t\t\t<div class=\"elementor-container elementor-column-gap-default\">\n\t\t\t\t\t<div class=\"elementor-column elementor-col-33 elementor-top-column elementor-element elementor-element-32488b7\" data-id=\"32488b7\" data-element_type=\"column\" data-e-type=\"column\">\n\t\t\t<div class=\"elementor-widget-wrap elementor-element-populated\">\n\t\t\t\t\t\t<div class=\"elementor-element elementor-element-1fab1da elementor-widget elementor-widget-image\" data-id=\"1fab1da\" data-element_type=\"widget\" data-e-type=\"widget\" data-widget_type=\"image.default\">\n\t\t\t\t<div class=\"elementor-widget-container\">\n\t\t\t\t\t\t\t\t\t\t\t\t\t\t\t\t<a href=\"http:\/\/www.mauritex.com.br\/index.php\/alimentos-em-sache\/\">\n\t\t\t\t\t\t\t<img loading=\"lazy\" decoding=\"async\" width=\"300\" height=\"300\" src=\"https:\/\/www.mauritex.com.br\/wp-content\/uploads\/2021\/03\/Alimentos-Sache-300x300.jpg\" class=\"attachment-medium size-medium wp-image-447\" alt=\"\" srcset=\"https:\/\/www.mauritex.com.br\/wp-content\/uploads\/2021\/03\/Alimentos-Sache-300x300.jpg 300w, https:\/\/www.mauritex.com.br\/wp-content\/uploads\/2021\/03\/Alimentos-Sache-150x150.jpg 150w, https:\/\/www.mauritex.com.br\/wp-content\/uploads\/2021\/03\/Alimentos-Sache.jpg 500w\" sizes=\"(max-width: 300px) 100vw, 300px\" \/>\t\t\t\t\t\t\t\t<\/a>\n\t\t\t\t\t\t\t\t\t\t\t\t\t\t\t<\/div>\n\t\t\t\t<\/div>\n\t\t\t\t<div class=\"elementor-element elementor-element-152dc3b elementor-widget__width-initial elementor-widget elementor-widget-text-editor\" data-id=\"152dc3b\" data-element_type=\"widget\" data-e-type=\"widget\" data-widget_type=\"text-editor.default\">\n\t\t\t\t<div class=\"elementor-widget-container\">\n\t\t\t\t\t\t\t\t\t<h3 style=\"text-align: center;\">Alimentos em sach\u00ea<\/h3>\n<p>Pequenas delicias em por\u00e7\u00f5es individualizadas; trazendo economia com toda seguran\u00e7a sem contato na manipula\u00e7\u00e3o, s\u00e3o as palavras chaves para obter estes itens. Evitando qualquer desperd\u00edcio.<\/p>\t\t\t\t\t\t\t\t<\/div>\n\t\t\t\t<\/div>\n\t\t\t\t\t<\/div>\n\t\t<\/div>\n\t\t\t\t<div class=\"elementor-column elementor-col-33 elementor-top-column elementor-element elementor-element-34d4bca\" data-id=\"34d4bca\" data-element_type=\"column\" data-e-type=\"column\">\n\t\t\t<div class=\"elementor-widget-wrap elementor-element-populated\">\n\t\t\t\t\t\t<div class=\"elementor-element elementor-element-46a2da2 elementor-widget__width-initial elementor-widget elementor-widget-image\" data-id=\"46a2da2\" data-element_type=\"widget\" data-e-type=\"widget\" data-widget_type=\"image.default\">\n\t\t\t\t<div class=\"elementor-widget-container\">\n\t\t\t\t\t\t\t\t\t\t\t\t\t\t\t\t<a href=\"http:\/\/www.mauritex.com.br\/index.php\/condimentos\/\">\n\t\t\t\t\t\t\t<img loading=\"lazy\" decoding=\"async\" width=\"300\" height=\"300\" src=\"https:\/\/www.mauritex.com.br\/wp-content\/uploads\/2021\/03\/Condimentos-amadeirado-300x300.jpg\" class=\"attachment-medium size-medium wp-image-682\" alt=\"\" srcset=\"https:\/\/www.mauritex.com.br\/wp-content\/uploads\/2021\/03\/Condimentos-amadeirado.jpg 300w, https:\/\/www.mauritex.com.br\/wp-content\/uploads\/2021\/03\/Condimentos-amadeirado-150x150.jpg 150w\" sizes=\"(max-width: 300px) 100vw, 300px\" \/>\t\t\t\t\t\t\t\t<\/a>\n\t\t\t\t\t\t\t\t\t\t\t\t\t\t\t<\/div>\n\t\t\t\t<\/div>\n\t\t\t\t<div class=\"elementor-element elementor-element-ce867e4 elementor-widget__width-initial elementor-widget elementor-widget-text-editor\" data-id=\"ce867e4\" data-element_type=\"widget\" data-e-type=\"widget\" data-widget_type=\"text-editor.default\">\n\t\t\t\t<div class=\"elementor-widget-container\">\n\t\t\t\t\t\t\t\t\t<h3 style=\"text-align: center;\">Condimentos<\/h3><p>A medida certa para incrementar o lanche, tornando-o mais saboroso. Praticidade, seguran\u00e7a, higiene nos sach\u00eas individualizados. Oferecendo economia sem desperd\u00edcio.<\/p>\t\t\t\t\t\t\t\t<\/div>\n\t\t\t\t<\/div>\n\t\t\t\t\t<\/div>\n\t\t<\/div>\n\t\t\t\t<div class=\"elementor-column elementor-col-33 elementor-top-column elementor-element elementor-element-a8db748\" data-id=\"a8db748\" data-element_type=\"column\" data-e-type=\"column\">\n\t\t\t<div class=\"elementor-widget-wrap elementor-element-populated\">\n\t\t\t\t\t\t<div class=\"elementor-element elementor-element-fa39ef1 elementor-widget__width-initial elementor-widget elementor-widget-image\" data-id=\"fa39ef1\" data-element_type=\"widget\" data-e-type=\"widget\" data-widget_type=\"image.default\">\n\t\t\t\t<div class=\"elementor-widget-container\">\n\t\t\t\t\t\t\t\t\t\t\t\t\t\t\t\t<a href=\"http:\/\/www.mauritex.com.br\/index.php\/kit-higiene\/\">\n\t\t\t\t\t\t\t<img loading=\"lazy\" decoding=\"async\" width=\"300\" height=\"300\" src=\"https:\/\/www.mauritex.com.br\/wp-content\/uploads\/2021\/03\/Kit-Higiene3-300x300.jpg\" class=\"attachment-medium size-medium wp-image-544\" alt=\"\" srcset=\"https:\/\/www.mauritex.com.br\/wp-content\/uploads\/2021\/03\/Kit-Higiene3.jpg 300w, https:\/\/www.mauritex.com.br\/wp-content\/uploads\/2021\/03\/Kit-Higiene3-150x150.jpg 150w\" sizes=\"(max-width: 300px) 100vw, 300px\" \/>\t\t\t\t\t\t\t\t<\/a>\n\t\t\t\t\t\t\t\t\t\t\t\t\t\t\t<\/div>\n\t\t\t\t<\/div>\n\t\t\t\t<div class=\"elementor-element elementor-element-1bce2ab elementor-widget__width-initial elementor-widget elementor-widget-text-editor\" data-id=\"1bce2ab\" data-element_type=\"widget\" data-e-type=\"widget\" data-widget_type=\"text-editor.default\">\n\t\t\t\t<div class=\"elementor-widget-container\">\n\t\t\t\t\t\t\t\t\t<h3 style=\"text-align: center;\">Kit Higiene<\/h3><p>Itens indispens\u00e1veis para quem tem preocupa\u00e7\u00e3o em fornecer bem estar ao cliente. Excelente custo-benef\u00edcio, al\u00e9m de zelar pelo conforto e higiene.\u00a0 Produtos embalados individualmente, sendo um diferencial em cada kit.<\/p>\t\t\t\t\t\t\t\t<\/div>\n\t\t\t\t<\/div>\n\t\t\t\t\t<\/div>\n\t\t<\/div>\n\t\t\t\t\t<\/div>\n\t\t<\/section>\n\t\t\t\t<section class=\"elementor-section elementor-top-section elementor-element elementor-element-f614386 elementor-section-boxed elementor-section-height-default elementor-section-height-default\" data-id=\"f614386\" data-element_type=\"section\" data-e-type=\"section\">\n\t\t\t\t\t\t<div class=\"elementor-container elementor-column-gap-default\">\n\t\t\t\t\t<div class=\"elementor-column elementor-col-100 elementor-top-column elementor-element elementor-element-d00d2a9\" data-id=\"d00d2a9\" data-element_type=\"column\" data-e-type=\"column\">\n\t\t\t<div class=\"elementor-widget-wrap elementor-element-populated\">\n\t\t\t\t\t\t<div class=\"elementor-element elementor-element-b4dbc32 elementor-widget elementor-widget-image\" data-id=\"b4dbc32\" data-element_type=\"widget\" data-e-type=\"widget\" data-widget_type=\"image.default\">\n\t\t\t\t<div class=\"elementor-widget-container\">\n\t\t\t\t\t\t\t\t\t\t\t\t\t\t\t<img loading=\"lazy\" decoding=\"async\" width=\"640\" height=\"640\" src=\"https:\/\/www.mauritex.com.br\/wp-content\/uploads\/2021\/05\/kit-1024x1024.jpg\" class=\"attachment-large size-large wp-image-1844\" alt=\"\" srcset=\"https:\/\/www.mauritex.com.br\/wp-content\/uploads\/2021\/05\/kit-1024x1024.jpg 1024w, https:\/\/www.mauritex.com.br\/wp-content\/uploads\/2021\/05\/kit-300x300.jpg 300w, https:\/\/www.mauritex.com.br\/wp-content\/uploads\/2021\/05\/kit-150x150.jpg 150w, https:\/\/www.mauritex.com.br\/wp-content\/uploads\/2021\/05\/kit-768x768.jpg 768w, https:\/\/www.mauritex.com.br\/wp-content\/uploads\/2021\/05\/kit.jpg 1080w\" sizes=\"(max-width: 640px) 100vw, 640px\" \/>\t\t\t\t\t\t\t\t\t\t\t\t\t\t\t<\/div>\n\t\t\t\t<\/div>\n\t\t\t\t\t<\/div>\n\t\t<\/div>\n\t\t\t\t\t<\/div>\n\t\t<\/section>\n\t\t\t\t<section class=\"elementor-section elementor-top-section elementor-element elementor-element-256ffe5 elementor-section-boxed elementor-section-height-default elementor-section-height-default\" data-id=\"256ffe5\" data-element_type=\"section\" data-e-type=\"section\">\n\t\t\t\t\t\t<div class=\"elementor-container elementor-column-gap-default\">\n\t\t\t\t\t<div class=\"elementor-column elementor-col-33 elementor-top-column elementor-element elementor-element-f0b0628\" data-id=\"f0b0628\" data-element_type=\"column\" data-e-type=\"column\">\n\t\t\t<div class=\"elementor-widget-wrap\">\n\t\t\t\t\t\t\t<\/div>\n\t\t<\/div>\n\t\t\t\t<div class=\"elementor-column elementor-col-33 elementor-top-column elementor-element elementor-element-e5b1794\" data-id=\"e5b1794\" data-element_type=\"column\" data-e-type=\"column\">\n\t\t\t<div class=\"elementor-widget-wrap\">\n\t\t\t\t\t\t\t<\/div>\n\t\t<\/div>\n\t\t\t\t<div class=\"elementor-column elementor-col-33 elementor-top-column elementor-element elementor-element-348efaa\" data-id=\"348efaa\" data-element_type=\"column\" data-e-type=\"column\">\n\t\t\t<div class=\"elementor-widget-wrap\">\n\t\t\t\t\t\t\t<\/div>\n\t\t<\/div>\n\t\t\t\t\t<\/div>\n\t\t<\/section>\n\t\t\t\t<section class=\"elementor-section elementor-top-section elementor-element elementor-element-75850552 elementor-section-full_width elementor-section-height-default elementor-section-height-default\" data-id=\"75850552\" data-element_type=\"section\" data-e-type=\"section\">\n\t\t\t\t\t\t<div class=\"elementor-container elementor-column-gap-default\">\n\t\t\t\t\t<div class=\"elementor-column elementor-col-100 elementor-top-column elementor-element elementor-element-7e157a3d\" data-id=\"7e157a3d\" data-element_type=\"column\" data-e-type=\"column\">\n\t\t\t<div class=\"elementor-widget-wrap\">\n\t\t\t\t\t\t\t<\/div>\n\t\t<\/div>\n\t\t\t\t\t<\/div>\n\t\t<\/section>\n\t\t\t\t<section class=\"elementor-section elementor-top-section elementor-element elementor-element-a7db788 elementor-section-boxed elementor-section-height-default elementor-section-height-default\" data-id=\"a7db788\" data-element_type=\"section\" data-e-type=\"section\">\n\t\t\t\t\t\t<div class=\"elementor-container elementor-column-gap-default\">\n\t\t\t\t\t<div class=\"elementor-column elementor-col-100 elementor-top-column elementor-element elementor-element-a6bfc4c\" data-id=\"a6bfc4c\" data-element_type=\"column\" data-e-type=\"column\">\n\t\t\t<div class=\"elementor-widget-wrap\">\n\t\t\t\t\t\t\t<\/div>\n\t\t<\/div>\n\t\t\t\t\t<\/div>\n\t\t<\/section>\n\t\t\t\t<\/div>\n\t\t","protected":false},"excerpt":{"rendered":"<p>TTTTTTTTTTTTTTTTTTTTTTTTTTTTTTT<\/p>\n","protected":false},"author":1,"featured_media":0,"parent":0,"menu_order":0,"comment_status":"closed","ping_status":"open","template":"","meta":{"ngg_post_thumbnail":0,"footnotes":""},"class_list":["post-2","page","type-page","status-publish","hentry"],"_links":{"self":[{"href":"http:\/\/www.mauritex.com.br\/index.php\/wp-json\/wp\/v2\/pages\/2","targetHints":{"allow":["GET"]}}],"collection":[{"href":"http:\/\/www.mauritex.com.br\/index.php\/wp-json\/wp\/v2\/pages"}],"about":[{"href":"http:\/\/www.mauritex.com.br\/index.php\/wp-json\/wp\/v2\/types\/page"}],"author":[{"embeddable":true,"href":"http:\/\/www.mauritex.com.br\/index.php\/wp-json\/wp\/v2\/users\/1"}],"replies":[{"embeddable":true,"href":"http:\/\/www.mauritex.com.br\/index.php\/wp-json\/wp\/v2\/comments?post=2"}],"version-history":[{"count":278,"href":"http:\/\/www.mauritex.com.br\/index.php\/wp-json\/wp\/v2\/pages\/2\/revisions"}],"predecessor-version":[{"id":1847,"href":"http:\/\/www.mauritex.com.br\/index.php\/wp-json\/wp\/v2\/pages\/2\/revisions\/1847"}],"wp:attachment":[{"href":"http:\/\/www.mauritex.com.br\/index.php\/wp-json\/wp\/v2\/media?parent=2"}],"curies":[{"name":"wp","href":"https:\/\/api.w.org\/{rel}","templated":true}]}}