{"id":1948,"date":"2021-05-22T16:36:55","date_gmt":"2021-05-22T19:36:55","guid":{"rendered":"http:\/\/www.mauritex.com.br\/?page_id=1948"},"modified":"2021-05-22T16:39:51","modified_gmt":"2021-05-22T19:39:51","slug":"pente","status":"publish","type":"page","link":"http:\/\/www.mauritex.com.br\/index.php\/pente\/","title":{"rendered":"Pente"},"content":{"rendered":"\t\t<div data-elementor-type=\"wp-page\" data-elementor-id=\"1948\" class=\"elementor elementor-1948\">\n\t\t\t\t\t\t<section class=\"elementor-section elementor-top-section elementor-element elementor-element-12f65fa4 elementor-section-boxed elementor-section-height-default elementor-section-height-default\" data-id=\"12f65fa4\" data-element_type=\"section\" data-e-type=\"section\">\n\t\t\t\t\t\t<div class=\"elementor-container elementor-column-gap-default\">\n\t\t\t\t\t<div class=\"elementor-column elementor-col-100 elementor-top-column elementor-element elementor-element-4589c31e\" data-id=\"4589c31e\" data-element_type=\"column\" data-e-type=\"column\">\n\t\t\t<div class=\"elementor-widget-wrap elementor-element-populated\">\n\t\t\t\t\t\t<div class=\"elementor-element elementor-element-592df802 elementor-widget elementor-widget-text-editor\" data-id=\"592df802\" data-element_type=\"widget\" data-e-type=\"widget\" data-widget_type=\"text-editor.default\">\n\t\t\t\t<div class=\"elementor-widget-container\">\n\t\t\t\t\t\t\t\t\t<p><strong>Mini Pente de pl\u00e1stico descart\u00e1vel, higi\u00eanico e pr\u00e1tico, para recompor e embelezar o visual.<\/strong><\/p><ul><li>Embalagem individual: 01 mini pente embalado.<\/li><li>Caixa com 250 unidades e\/ou venda individual.<\/li><\/ul><p><strong>\u00a0<\/strong><\/p><p><strong>\u2013 Consulte pente com sua logomarca<\/strong><\/p><p>\u00a0<\/p><p>\u2013 Foto meramente ilustrativa.<\/p><p>\u00a0\u2013 A marca do produto pode variar de acordo com a disponibilidade em estoque.<\/p>\t\t\t\t\t\t\t\t<\/div>\n\t\t\t\t<\/div>\n\t\t\t\t\t<\/div>\n\t\t<\/div>\n\t\t\t\t<div class=\"elementor-column elementor-col-100 elementor-top-column elementor-element elementor-element-2b4c877a\" data-id=\"2b4c877a\" data-element_type=\"column\" data-e-type=\"column\">\n\t\t\t<div class=\"elementor-widget-wrap elementor-element-populated\">\n\t\t\t\t\t\t<div class=\"elementor-element elementor-element-6ef86433 elementor-widget elementor-widget-image\" data-id=\"6ef86433\" data-element_type=\"widget\" data-e-type=\"widget\" data-widget_type=\"image.default\">\n\t\t\t\t<div class=\"elementor-widget-container\">\n\t\t\t\t\t\t\t\t\t\t\t\t\t\t\t<img fetchpriority=\"high\" decoding=\"async\" width=\"500\" height=\"396\" src=\"http:\/\/www.mauritex.com.br\/wp-content\/uploads\/2021\/05\/pente-500x400-1-500x396.png\" class=\"attachment-bizberg_gallery size-bizberg_gallery wp-image-1951\" alt=\"\" \/>\t\t\t\t\t\t\t\t\t\t\t\t\t\t\t<\/div>\n\t\t\t\t<\/div>\n\t\t\t\t<div class=\"elementor-element elementor-element-540474ea elementor-align-center elementor-widget elementor-widget-button\" data-id=\"540474ea\" data-element_type=\"widget\" data-e-type=\"widget\" data-widget_type=\"button.default\">\n\t\t\t\t<div class=\"elementor-widget-container\">\n\t\t\t\t\t\t\t\t\t<div class=\"elementor-button-wrapper\">\n\t\t\t\t\t<a class=\"elementor-button elementor-button-link elementor-size-xs\" href=\"http:\/\/minassite.com.br\/mauritex\/index.php\/kit-higiene\/\">\n\t\t\t\t\t\t<span class=\"elementor-button-content-wrapper\">\n\t\t\t\t\t\t\t\t\t<span class=\"elementor-button-text\">Voltar<\/span>\n\t\t\t\t\t<\/span>\n\t\t\t\t\t<\/a>\n\t\t\t\t<\/div>\n\t\t\t\t\t\t\t\t<\/div>\n\t\t\t\t<\/div>\n\t\t\t\t\t<\/div>\n\t\t<\/div>\n\t\t\t\t\t<\/div>\n\t\t<\/section>\n\t\t\t\t<section class=\"elementor-section elementor-top-section elementor-element elementor-element-1f7c7f2a elementor-section-boxed elementor-section-height-default elementor-section-height-default\" data-id=\"1f7c7f2a\" data-element_type=\"section\" data-e-type=\"section\">\n\t\t\t\t\t\t<div class=\"elementor-container elementor-column-gap-default\">\n\t\t\t\t\t\t<\/div>\n\t\t<\/section>\n\t\t\t\t<\/div>\n\t\t","protected":false},"excerpt":{"rendered":"<p>Mini Pente de pl\u00e1stico descart\u00e1vel, higi\u00eanico e pr\u00e1tico, para recompor e embelezar o visual. Embalagem individual: 01 mini pente embalado. Caixa com 250 unidades e\/ou venda individual. \u00a0 \u2013 Consulte pente com sua logomarca \u00a0 \u2013 Foto meramente ilustrativa. \u00a0\u2013 A marca do produto pode variar de acordo com a disponibilidade em estoque. Voltar<\/p>\n","protected":false},"author":1,"featured_media":0,"parent":0,"menu_order":0,"comment_status":"closed","ping_status":"closed","template":"","meta":{"ngg_post_thumbnail":0,"footnotes":""},"class_list":["post-1948","page","type-page","status-publish","hentry"],"_links":{"self":[{"href":"http:\/\/www.mauritex.com.br\/index.php\/wp-json\/wp\/v2\/pages\/1948","targetHints":{"allow":["GET"]}}],"collection":[{"href":"http:\/\/www.mauritex.com.br\/index.php\/wp-json\/wp\/v2\/pages"}],"about":[{"href":"http:\/\/www.mauritex.com.br\/index.php\/wp-json\/wp\/v2\/types\/page"}],"author":[{"embeddable":true,"href":"http:\/\/www.mauritex.com.br\/index.php\/wp-json\/wp\/v2\/users\/1"}],"replies":[{"embeddable":true,"href":"http:\/\/www.mauritex.com.br\/index.php\/wp-json\/wp\/v2\/comments?post=1948"}],"version-history":[{"count":4,"href":"http:\/\/www.mauritex.com.br\/index.php\/wp-json\/wp\/v2\/pages\/1948\/revisions"}],"predecessor-version":[{"id":1954,"href":"http:\/\/www.mauritex.com.br\/index.php\/wp-json\/wp\/v2\/pages\/1948\/revisions\/1954"}],"wp:attachment":[{"href":"http:\/\/www.mauritex.com.br\/index.php\/wp-json\/wp\/v2\/media?parent=1948"}],"curies":[{"name":"wp","href":"https:\/\/api.w.org\/{rel}","templated":true}]}}