{"id":1937,"date":"2021-05-22T16:23:11","date_gmt":"2021-05-22T19:23:11","guid":{"rendered":"http:\/\/www.mauritex.com.br\/?page_id=1937"},"modified":"2021-05-22T16:27:19","modified_gmt":"2021-05-22T19:27:19","slug":"touca-de-banho","status":"publish","type":"page","link":"http:\/\/www.mauritex.com.br\/index.php\/touca-de-banho\/","title":{"rendered":"Touca de banho"},"content":{"rendered":"\t\t<div data-elementor-type=\"wp-page\" data-elementor-id=\"1937\" class=\"elementor elementor-1937\">\n\t\t\t\t\t\t<section class=\"elementor-section elementor-top-section elementor-element elementor-element-38f4f577 elementor-section-boxed elementor-section-height-default elementor-section-height-default\" data-id=\"38f4f577\" data-element_type=\"section\" data-e-type=\"section\">\n\t\t\t\t\t\t<div class=\"elementor-container elementor-column-gap-default\">\n\t\t\t\t\t<div class=\"elementor-column elementor-col-100 elementor-top-column elementor-element elementor-element-2823b98e\" data-id=\"2823b98e\" data-element_type=\"column\" data-e-type=\"column\">\n\t\t\t<div class=\"elementor-widget-wrap elementor-element-populated\">\n\t\t\t\t\t\t<div class=\"elementor-element elementor-element-1131899 elementor-widget elementor-widget-text-editor\" data-id=\"1131899\" data-element_type=\"widget\" data-e-type=\"widget\" data-widget_type=\"text-editor.default\">\n\t\t\t\t<div class=\"elementor-widget-container\">\n\t\t\t\t\t\t\t\t\t<p><strong><em>Touca de pl\u00e1stico transparente descart\u00e1vel, para proteger os cabelos evitando o contato direto com a \u00e1gua durante o banho ou na hidromassagem.\u00a0 <\/em><\/strong><\/p><p><strong><em>Acompanha el\u00e1stico que auxilia para amarrar os cabelos.<\/em><\/strong><\/p><ul><li>Embalagem: embalada individualmente.<\/li><li>Pacote com 500 unidades e\/ou venda individual.<\/li><\/ul><p>\u00a0<\/p><p>\u2013 Foto meramente ilustrativa.<\/p><p>\u2013 A marca do produto pode variar de acordo com a disponibilidade em estoque.<\/p>\t\t\t\t\t\t\t\t<\/div>\n\t\t\t\t<\/div>\n\t\t\t\t\t<\/div>\n\t\t<\/div>\n\t\t\t\t<div class=\"elementor-column elementor-col-100 elementor-top-column elementor-element elementor-element-575c8424\" data-id=\"575c8424\" data-element_type=\"column\" data-e-type=\"column\">\n\t\t\t<div class=\"elementor-widget-wrap elementor-element-populated\">\n\t\t\t\t\t\t<div class=\"elementor-element elementor-element-53cf64a4 elementor-widget elementor-widget-image\" data-id=\"53cf64a4\" data-element_type=\"widget\" data-e-type=\"widget\" data-widget_type=\"image.default\">\n\t\t\t\t<div class=\"elementor-widget-container\">\n\t\t\t\t\t\t\t\t\t\t\t\t\t\t\t<img fetchpriority=\"high\" decoding=\"async\" width=\"500\" height=\"400\" src=\"http:\/\/www.mauritex.com.br\/wp-content\/uploads\/2021\/05\/touca-banho-500x400-1.png\" class=\"attachment-bizberg_gallery size-bizberg_gallery wp-image-1940\" alt=\"\" srcset=\"http:\/\/www.mauritex.com.br\/wp-content\/uploads\/2021\/05\/touca-banho-500x400-1.png 500w, http:\/\/www.mauritex.com.br\/wp-content\/uploads\/2021\/05\/touca-banho-500x400-1-300x240.png 300w\" sizes=\"(max-width: 500px) 100vw, 500px\" \/>\t\t\t\t\t\t\t\t\t\t\t\t\t\t\t<\/div>\n\t\t\t\t<\/div>\n\t\t\t\t<div class=\"elementor-element elementor-element-3339508b elementor-align-center elementor-widget elementor-widget-button\" data-id=\"3339508b\" data-element_type=\"widget\" data-e-type=\"widget\" data-widget_type=\"button.default\">\n\t\t\t\t<div class=\"elementor-widget-container\">\n\t\t\t\t\t\t\t\t\t<div class=\"elementor-button-wrapper\">\n\t\t\t\t\t<a class=\"elementor-button elementor-button-link elementor-size-xs\" href=\"http:\/\/www.mauritex.com.br\/index.php\/kit-higiene\/\">\n\t\t\t\t\t\t<span class=\"elementor-button-content-wrapper\">\n\t\t\t\t\t\t\t\t\t<span class=\"elementor-button-text\">Voltar<\/span>\n\t\t\t\t\t<\/span>\n\t\t\t\t\t<\/a>\n\t\t\t\t<\/div>\n\t\t\t\t\t\t\t\t<\/div>\n\t\t\t\t<\/div>\n\t\t\t\t\t<\/div>\n\t\t<\/div>\n\t\t\t\t\t<\/div>\n\t\t<\/section>\n\t\t\t\t<section class=\"elementor-section elementor-top-section elementor-element elementor-element-179edf04 elementor-section-boxed elementor-section-height-default elementor-section-height-default\" data-id=\"179edf04\" data-element_type=\"section\" data-e-type=\"section\">\n\t\t\t\t\t\t<div class=\"elementor-container elementor-column-gap-default\">\n\t\t\t\t\t\t<\/div>\n\t\t<\/section>\n\t\t\t\t<\/div>\n\t\t","protected":false},"excerpt":{"rendered":"<p>Touca de pl\u00e1stico transparente descart\u00e1vel, para proteger os cabelos evitando o contato direto com a \u00e1gua durante o banho ou na hidromassagem.\u00a0 Acompanha el\u00e1stico que auxilia para amarrar os cabelos. Embalagem: embalada individualmente. Pacote com 500 unidades e\/ou venda individual. \u00a0 \u2013 Foto meramente ilustrativa. \u2013 A marca do produto pode variar de acordo com a disponibilidade em estoque. Voltar<\/p>\n","protected":false},"author":1,"featured_media":0,"parent":0,"menu_order":0,"comment_status":"closed","ping_status":"closed","template":"","meta":{"ngg_post_thumbnail":0,"footnotes":""},"class_list":["post-1937","page","type-page","status-publish","hentry"],"_links":{"self":[{"href":"http:\/\/www.mauritex.com.br\/index.php\/wp-json\/wp\/v2\/pages\/1937","targetHints":{"allow":["GET"]}}],"collection":[{"href":"http:\/\/www.mauritex.com.br\/index.php\/wp-json\/wp\/v2\/pages"}],"about":[{"href":"http:\/\/www.mauritex.com.br\/index.php\/wp-json\/wp\/v2\/types\/page"}],"author":[{"embeddable":true,"href":"http:\/\/www.mauritex.com.br\/index.php\/wp-json\/wp\/v2\/users\/1"}],"replies":[{"embeddable":true,"href":"http:\/\/www.mauritex.com.br\/index.php\/wp-json\/wp\/v2\/comments?post=1937"}],"version-history":[{"count":4,"href":"http:\/\/www.mauritex.com.br\/index.php\/wp-json\/wp\/v2\/pages\/1937\/revisions"}],"predecessor-version":[{"id":1943,"href":"http:\/\/www.mauritex.com.br\/index.php\/wp-json\/wp\/v2\/pages\/1937\/revisions\/1943"}],"wp:attachment":[{"href":"http:\/\/www.mauritex.com.br\/index.php\/wp-json\/wp\/v2\/media?parent=1937"}],"curies":[{"name":"wp","href":"https:\/\/api.w.org\/{rel}","templated":true}]}}