{"id":1503,"date":"2021-05-03T20:34:59","date_gmt":"2021-05-03T23:34:59","guid":{"rendered":"http:\/\/www.mauritex.com.br\/?page_id=1503"},"modified":"2021-05-10T21:43:28","modified_gmt":"2021-05-11T00:43:28","slug":"chinelo-de-eva","status":"publish","type":"page","link":"http:\/\/www.mauritex.com.br\/index.php\/chinelo-de-eva\/","title":{"rendered":"Chinelo de EVA"},"content":{"rendered":"\t\t<div data-elementor-type=\"wp-page\" data-elementor-id=\"1503\" class=\"elementor elementor-1503\">\n\t\t\t\t\t\t<section class=\"elementor-section elementor-top-section elementor-element elementor-element-4bc550a6 elementor-section-boxed elementor-section-height-default elementor-section-height-default\" data-id=\"4bc550a6\" data-element_type=\"section\" data-e-type=\"section\">\n\t\t\t\t\t\t<div class=\"elementor-container elementor-column-gap-default\">\n\t\t\t\t\t<div class=\"elementor-column elementor-col-100 elementor-top-column elementor-element elementor-element-4033bbc0\" data-id=\"4033bbc0\" data-element_type=\"column\" data-e-type=\"column\">\n\t\t\t<div class=\"elementor-widget-wrap elementor-element-populated\">\n\t\t\t\t\t\t<div class=\"elementor-element elementor-element-188e35d2 elementor-widget elementor-widget-text-editor\" data-id=\"188e35d2\" data-element_type=\"widget\" data-e-type=\"widget\" data-widget_type=\"text-editor.default\">\n\t\t\t\t<div class=\"elementor-widget-container\">\n\t\t\t\t\t\t\t\t\t<strong>Chinelo de EVA <\/strong>\n\n<strong><em>Descart\u00e1vel, f\u00e1cil de montar. Antiderrapante que proporcionar seguran\u00e7a, higiene e conforto ao usu\u00e1rio no deslocamento do banho a su\u00edte. Evitando queda e contato dos p\u00e9s sobre o piso.<\/em><\/strong>\n<ul>\n \t<li>Embalagem individual: 01 par<\/li>\n \t<li>Pacote com 80 pares e\/ou venda individual.<\/li>\n<\/ul><\/br>\n\u2013 Foto meramente ilustrativa.\n<\/br>\n\u2013 A marca do produto pode variar de acordo com a disponibilidade em estoque.\t\t\t\t\t\t\t\t<\/div>\n\t\t\t\t<\/div>\n\t\t\t\t\t<\/div>\n\t\t<\/div>\n\t\t\t\t<div class=\"elementor-column elementor-col-100 elementor-top-column elementor-element elementor-element-77738dd6\" data-id=\"77738dd6\" data-element_type=\"column\" data-e-type=\"column\">\n\t\t\t<div class=\"elementor-widget-wrap elementor-element-populated\">\n\t\t\t\t\t\t<div class=\"elementor-element elementor-element-5f7ad3a elementor-widget elementor-widget-image\" data-id=\"5f7ad3a\" data-element_type=\"widget\" data-e-type=\"widget\" data-widget_type=\"image.default\">\n\t\t\t\t<div class=\"elementor-widget-container\">\n\t\t\t\t\t\t\t\t\t\t\t\t\t\t\t<img fetchpriority=\"high\" decoding=\"async\" width=\"288\" height=\"292\" src=\"http:\/\/www.mauritex.com.br\/wp-content\/uploads\/2021\/05\/chinelo-eva-1.png\" class=\"attachment-bizberg_gallery size-bizberg_gallery wp-image-1544\" alt=\"\" \/>\t\t\t\t\t\t\t\t\t\t\t\t\t\t\t<\/div>\n\t\t\t\t<\/div>\n\t\t\t\t<div class=\"elementor-element elementor-element-17f1af61 elementor-align-center elementor-widget elementor-widget-button\" data-id=\"17f1af61\" data-element_type=\"widget\" data-e-type=\"widget\" data-widget_type=\"button.default\">\n\t\t\t\t<div class=\"elementor-widget-container\">\n\t\t\t\t\t\t\t\t\t<div class=\"elementor-button-wrapper\">\n\t\t\t\t\t<a class=\"elementor-button elementor-button-link elementor-size-xs\" href=\"http:\/\/www.mauritex.com.br\/index.php\/kit-higiene\/\">\n\t\t\t\t\t\t<span class=\"elementor-button-content-wrapper\">\n\t\t\t\t\t\t\t\t\t<span class=\"elementor-button-text\">Voltar<\/span>\n\t\t\t\t\t<\/span>\n\t\t\t\t\t<\/a>\n\t\t\t\t<\/div>\n\t\t\t\t\t\t\t\t<\/div>\n\t\t\t\t<\/div>\n\t\t\t\t\t<\/div>\n\t\t<\/div>\n\t\t\t\t\t<\/div>\n\t\t<\/section>\n\t\t\t\t<section class=\"elementor-section elementor-top-section elementor-element elementor-element-5156e318 elementor-section-boxed elementor-section-height-default elementor-section-height-default\" data-id=\"5156e318\" data-element_type=\"section\" data-e-type=\"section\">\n\t\t\t\t\t\t<div class=\"elementor-container elementor-column-gap-default\">\n\t\t\t\t\t\t<\/div>\n\t\t<\/section>\n\t\t\t\t<\/div>\n\t\t","protected":false},"excerpt":{"rendered":"<p>Chinelo de EVA Descart\u00e1vel, f\u00e1cil de montar. Antiderrapante que proporcionar seguran\u00e7a, higiene e conforto ao usu\u00e1rio no deslocamento do banho a su\u00edte. Evitando queda e contato dos p\u00e9s sobre o piso. Embalagem individual: 01 par Pacote com 80 pares e\/ou venda individual. \u2013 Foto meramente ilustrativa. \u2013 A marca do produto pode variar de acordo com a disponibilidade em estoque. [&hellip;]<\/p>\n","protected":false},"author":1,"featured_media":0,"parent":0,"menu_order":0,"comment_status":"closed","ping_status":"closed","template":"","meta":{"ngg_post_thumbnail":0,"footnotes":""},"class_list":["post-1503","page","type-page","status-publish","hentry"],"_links":{"self":[{"href":"http:\/\/www.mauritex.com.br\/index.php\/wp-json\/wp\/v2\/pages\/1503","targetHints":{"allow":["GET"]}}],"collection":[{"href":"http:\/\/www.mauritex.com.br\/index.php\/wp-json\/wp\/v2\/pages"}],"about":[{"href":"http:\/\/www.mauritex.com.br\/index.php\/wp-json\/wp\/v2\/types\/page"}],"author":[{"embeddable":true,"href":"http:\/\/www.mauritex.com.br\/index.php\/wp-json\/wp\/v2\/users\/1"}],"replies":[{"embeddable":true,"href":"http:\/\/www.mauritex.com.br\/index.php\/wp-json\/wp\/v2\/comments?post=1503"}],"version-history":[{"count":13,"href":"http:\/\/www.mauritex.com.br\/index.php\/wp-json\/wp\/v2\/pages\/1503\/revisions"}],"predecessor-version":[{"id":1719,"href":"http:\/\/www.mauritex.com.br\/index.php\/wp-json\/wp\/v2\/pages\/1503\/revisions\/1719"}],"wp:attachment":[{"href":"http:\/\/www.mauritex.com.br\/index.php\/wp-json\/wp\/v2\/media?parent=1503"}],"curies":[{"name":"wp","href":"https:\/\/api.w.org\/{rel}","templated":true}]}}