{"id":1465,"date":"2021-05-03T20:11:20","date_gmt":"2021-05-03T23:11:20","guid":{"rendered":"http:\/\/www.mauritex.com.br\/?page_id=1465"},"modified":"2021-05-22T15:12:12","modified_gmt":"2021-05-22T18:12:12","slug":"kit-dental-7gr","status":"publish","type":"page","link":"http:\/\/www.mauritex.com.br\/index.php\/kit-dental-7gr\/","title":{"rendered":"Kit Dental 7gr"},"content":{"rendered":"\t\t<div data-elementor-type=\"wp-page\" data-elementor-id=\"1465\" class=\"elementor elementor-1465\">\n\t\t\t\t\t\t<section class=\"elementor-section elementor-top-section elementor-element elementor-element-278ce447 elementor-section-boxed elementor-section-height-default elementor-section-height-default\" data-id=\"278ce447\" data-element_type=\"section\" data-e-type=\"section\">\n\t\t\t\t\t\t<div class=\"elementor-container elementor-column-gap-default\">\n\t\t\t\t\t<div class=\"elementor-column elementor-col-100 elementor-top-column elementor-element elementor-element-3d3b20a3\" data-id=\"3d3b20a3\" data-element_type=\"column\" data-e-type=\"column\">\n\t\t\t<div class=\"elementor-widget-wrap elementor-element-populated\">\n\t\t\t\t\t\t<div class=\"elementor-element elementor-element-3acd2e2d elementor-widget elementor-widget-text-editor\" data-id=\"3acd2e2d\" data-element_type=\"widget\" data-e-type=\"widget\" data-widget_type=\"text-editor.default\">\n\t\t\t\t<div class=\"elementor-widget-container\">\n\t\t\t\t\t\t\t\t\t<strong>Kit Dental 7gr<\/strong>\n\n<strong><em>Kit dental, \u00e9 um item essencial para uma higiene bucal, mantendo os dentes higienizados e refrescante. <\/em><\/strong>\n\n<em><strong>A escova dental \u00e9 um utens\u00edlio que auxilia na higiene bucal, promove,associada ao creme dental a limpeza e prote\u00e7\u00e3o aos dentes, sendo neste kit acompanhado do fio completando a limpeza. Praticidade para facilitar sua vida.<\/strong><\/em>\n<ul>\n \t<li>Embalagem individual: 01 creme dental de 7gr, 01 escova e 01 fio dental 45cm.<\/li>\n \t<li>Pacote com 100 unidades e\/ou venda individual.<\/li>\n<\/ul><\/br>\n\u2013 Foto meramente ilustrativa.\n<\/br>\n\u2013 A marca do produto pode variar de acordo com a disponibilidade em estoque.\t\t\t\t\t\t\t\t<\/div>\n\t\t\t\t<\/div>\n\t\t\t\t\t<\/div>\n\t\t<\/div>\n\t\t\t\t<div class=\"elementor-column elementor-col-100 elementor-top-column elementor-element elementor-element-7a3378bd\" data-id=\"7a3378bd\" data-element_type=\"column\" data-e-type=\"column\">\n\t\t\t<div class=\"elementor-widget-wrap elementor-element-populated\">\n\t\t\t\t\t\t<div class=\"elementor-element elementor-element-eb54b3f elementor-widget elementor-widget-image\" data-id=\"eb54b3f\" data-element_type=\"widget\" data-e-type=\"widget\" data-widget_type=\"image.default\">\n\t\t\t\t<div class=\"elementor-widget-container\">\n\t\t\t\t\t\t\t\t\t\t\t\t\t\t\t<img fetchpriority=\"high\" decoding=\"async\" width=\"400\" height=\"400\" src=\"http:\/\/www.mauritex.com.br\/wp-content\/uploads\/2021\/05\/Kit-dental2.png\" class=\"attachment-bizberg_gallery size-bizberg_gallery wp-image-1929\" alt=\"\" srcset=\"http:\/\/www.mauritex.com.br\/wp-content\/uploads\/2021\/05\/Kit-dental2.png 400w, http:\/\/www.mauritex.com.br\/wp-content\/uploads\/2021\/05\/Kit-dental2-300x300.png 300w, http:\/\/www.mauritex.com.br\/wp-content\/uploads\/2021\/05\/Kit-dental2-150x150.png 150w\" sizes=\"(max-width: 400px) 100vw, 400px\" \/>\t\t\t\t\t\t\t\t\t\t\t\t\t\t\t<\/div>\n\t\t\t\t<\/div>\n\t\t\t\t<div class=\"elementor-element elementor-element-6d7f4f15 elementor-align-center elementor-widget elementor-widget-button\" data-id=\"6d7f4f15\" data-element_type=\"widget\" data-e-type=\"widget\" data-widget_type=\"button.default\">\n\t\t\t\t<div class=\"elementor-widget-container\">\n\t\t\t\t\t\t\t\t\t<div class=\"elementor-button-wrapper\">\n\t\t\t\t\t<a class=\"elementor-button elementor-button-link elementor-size-xs\" href=\"http:\/\/www.mauritex.com.br\/index.php\/kit-higiene\/\">\n\t\t\t\t\t\t<span class=\"elementor-button-content-wrapper\">\n\t\t\t\t\t\t\t\t\t<span class=\"elementor-button-text\">Voltar<\/span>\n\t\t\t\t\t<\/span>\n\t\t\t\t\t<\/a>\n\t\t\t\t<\/div>\n\t\t\t\t\t\t\t\t<\/div>\n\t\t\t\t<\/div>\n\t\t\t\t\t<\/div>\n\t\t<\/div>\n\t\t\t\t\t<\/div>\n\t\t<\/section>\n\t\t\t\t<section class=\"elementor-section elementor-top-section elementor-element elementor-element-d89b6ea elementor-section-boxed elementor-section-height-default elementor-section-height-default\" data-id=\"d89b6ea\" data-element_type=\"section\" data-e-type=\"section\">\n\t\t\t\t\t\t<div class=\"elementor-container elementor-column-gap-default\">\n\t\t\t\t\t\t<\/div>\n\t\t<\/section>\n\t\t\t\t<\/div>\n\t\t","protected":false},"excerpt":{"rendered":"<p>Kit Dental 7gr Kit dental, \u00e9 um item essencial para uma higiene bucal, mantendo os dentes higienizados e refrescante. A escova dental \u00e9 um utens\u00edlio que auxilia na higiene bucal, promove,associada ao creme dental a limpeza e prote\u00e7\u00e3o aos dentes, sendo neste kit acompanhado do fio completando a limpeza. Praticidade para facilitar sua vida. Embalagem individual: 01 creme dental de [&hellip;]<\/p>\n","protected":false},"author":1,"featured_media":0,"parent":0,"menu_order":0,"comment_status":"closed","ping_status":"closed","template":"","meta":{"ngg_post_thumbnail":0,"footnotes":""},"class_list":["post-1465","page","type-page","status-publish","hentry"],"_links":{"self":[{"href":"http:\/\/www.mauritex.com.br\/index.php\/wp-json\/wp\/v2\/pages\/1465","targetHints":{"allow":["GET"]}}],"collection":[{"href":"http:\/\/www.mauritex.com.br\/index.php\/wp-json\/wp\/v2\/pages"}],"about":[{"href":"http:\/\/www.mauritex.com.br\/index.php\/wp-json\/wp\/v2\/types\/page"}],"author":[{"embeddable":true,"href":"http:\/\/www.mauritex.com.br\/index.php\/wp-json\/wp\/v2\/users\/1"}],"replies":[{"embeddable":true,"href":"http:\/\/www.mauritex.com.br\/index.php\/wp-json\/wp\/v2\/comments?post=1465"}],"version-history":[{"count":10,"href":"http:\/\/www.mauritex.com.br\/index.php\/wp-json\/wp\/v2\/pages\/1465\/revisions"}],"predecessor-version":[{"id":1932,"href":"http:\/\/www.mauritex.com.br\/index.php\/wp-json\/wp\/v2\/pages\/1465\/revisions\/1932"}],"wp:attachment":[{"href":"http:\/\/www.mauritex.com.br\/index.php\/wp-json\/wp\/v2\/media?parent=1465"}],"curies":[{"name":"wp","href":"https:\/\/api.w.org\/{rel}","templated":true}]}}