{"id":1346,"date":"2021-04-27T19:57:58","date_gmt":"2021-04-27T22:57:58","guid":{"rendered":"http:\/\/www.mauritex.com.br\/?page_id=1346"},"modified":"2021-05-07T19:06:44","modified_gmt":"2021-05-07T22:06:44","slug":"quem-somos","status":"publish","type":"page","link":"http:\/\/www.mauritex.com.br\/index.php\/quem-somos\/","title":{"rendered":"Quem somos"},"content":{"rendered":"\t\t<div data-elementor-type=\"wp-page\" data-elementor-id=\"1346\" class=\"elementor elementor-1346\">\n\t\t\t\t\t\t<section class=\"elementor-section elementor-top-section elementor-element elementor-element-7d6fcd7 elementor-section-boxed elementor-section-height-default elementor-section-height-default\" data-id=\"7d6fcd7\" data-element_type=\"section\" data-e-type=\"section\">\n\t\t\t\t\t\t<div class=\"elementor-container elementor-column-gap-default\">\n\t\t\t\t\t<div class=\"elementor-column elementor-col-100 elementor-top-column elementor-element elementor-element-7adf7b9\" data-id=\"7adf7b9\" data-element_type=\"column\" data-e-type=\"column\">\n\t\t\t<div class=\"elementor-widget-wrap elementor-element-populated\">\n\t\t\t\t\t\t<div class=\"elementor-element elementor-element-526a033 elementor-widget elementor-widget-text-editor\" data-id=\"526a033\" data-element_type=\"widget\" data-e-type=\"widget\" data-widget_type=\"text-editor.default\">\n\t\t\t\t<div class=\"elementor-widget-container\">\n\t\t\t\t\t\t\t\t\t<h4><strong><u>Hist\u00f3ria<\/u><\/strong><\/h4><p>A Mauritex \u00e9 uma empresa com tradi\u00e7\u00e3o familiar de mais de 30 anos no ramo hoteleiro. Especializada na distribui\u00e7\u00e3o de produtos selecionados de grandes marcas; de higiene pessoal em miniaturas e descart\u00e1veis.<\/p><p>Comercializamos para empresas que tem a preocupa\u00e7\u00e3o com a higiene, praticidade e economia, que querem seguir com toda a regulamenta\u00e7\u00e3o da vigil\u00e2ncia sanit\u00e1ria.<\/p><p>Com grande experi\u00eancia no mercado, desenvolvemos parcerias estrat\u00e9gicas com o objetivo de melhorar o atendimento a nossos clientes e ao mesmo tempo incrementar o mix de produtos espec\u00edficos que disponibilizamos.<\/p><p>Um dos grandes diferenciais \u00e9 nosso atendimento personalizado, executado com agilidade e flexibilidade; facilitando e acompanhando\u00a0 todo o processo desde o pedido at\u00e9 a entrega.<\/p><p>Nossos principais clientes s\u00e3o, mot\u00e9is, hot\u00e9is, drive-in, pousadas, fast-foods, restaurantes, lanchonetes, farm\u00e1cias, hospitais em geral, clubes, saunas, cozinhas industriais e afins.<\/p><p><strong>Miss\u00e3o<\/strong>:<br \/>Comercializar com excel\u00eancia produtos para atender \u00e0s necessidades do mercado, visando principalmente \u00e0 qualidade, o atendimento personalizado, a pontualidade e a satisfa\u00e7\u00e3o do cliente.<\/p><p><strong>Vis\u00e3o<\/strong>:<br \/>Sermos vistos no mercado como uma empresa parceira, confi\u00e1vel, com agilidade e seguran\u00e7a.<\/p><p><strong>Valores<\/strong>:<br \/>Agir com \u00e9tica, transpar\u00eancia e responsabilidade, praticar o com\u00e9rcio justo.<br \/>Buscar a melhoria do neg\u00f3cio, com foco na gera\u00e7\u00e3o de valores para clientes, fornecedores e colaboradores.<\/p>\t\t\t\t\t\t\t\t<\/div>\n\t\t\t\t<\/div>\n\t\t\t\t\t<\/div>\n\t\t<\/div>\n\t\t\t\t\t<\/div>\n\t\t<\/section>\n\t\t\t\t<\/div>\n\t\t","protected":false},"excerpt":{"rendered":"<p>Hist\u00f3ria A Mauritex \u00e9 uma empresa com tradi\u00e7\u00e3o familiar de mais de 30 anos no ramo hoteleiro. Especializada na distribui\u00e7\u00e3o de produtos selecionados de grandes marcas; de higiene pessoal em miniaturas e descart\u00e1veis. Comercializamos para empresas que tem a preocupa\u00e7\u00e3o com a higiene, praticidade e economia, que querem seguir com toda a regulamenta\u00e7\u00e3o da vigil\u00e2ncia sanit\u00e1ria. Com grande experi\u00eancia no [&hellip;]<\/p>\n","protected":false},"author":1,"featured_media":0,"parent":0,"menu_order":0,"comment_status":"closed","ping_status":"closed","template":"","meta":{"ngg_post_thumbnail":0,"footnotes":""},"class_list":["post-1346","page","type-page","status-publish","hentry"],"_links":{"self":[{"href":"http:\/\/www.mauritex.com.br\/index.php\/wp-json\/wp\/v2\/pages\/1346","targetHints":{"allow":["GET"]}}],"collection":[{"href":"http:\/\/www.mauritex.com.br\/index.php\/wp-json\/wp\/v2\/pages"}],"about":[{"href":"http:\/\/www.mauritex.com.br\/index.php\/wp-json\/wp\/v2\/types\/page"}],"author":[{"embeddable":true,"href":"http:\/\/www.mauritex.com.br\/index.php\/wp-json\/wp\/v2\/users\/1"}],"replies":[{"embeddable":true,"href":"http:\/\/www.mauritex.com.br\/index.php\/wp-json\/wp\/v2\/comments?post=1346"}],"version-history":[{"count":16,"href":"http:\/\/www.mauritex.com.br\/index.php\/wp-json\/wp\/v2\/pages\/1346\/revisions"}],"predecessor-version":[{"id":1604,"href":"http:\/\/www.mauritex.com.br\/index.php\/wp-json\/wp\/v2\/pages\/1346\/revisions\/1604"}],"wp:attachment":[{"href":"http:\/\/www.mauritex.com.br\/index.php\/wp-json\/wp\/v2\/media?parent=1346"}],"curies":[{"name":"wp","href":"https:\/\/api.w.org\/{rel}","templated":true}]}}