{"id":1209,"date":"2021-04-06T21:54:17","date_gmt":"2021-04-07T00:54:17","guid":{"rendered":"http:\/\/www.mauritex.com.br\/?page_id=1209"},"modified":"2021-05-10T21:51:42","modified_gmt":"2021-05-11T00:51:42","slug":"guardanapo-em-sache","status":"publish","type":"page","link":"http:\/\/www.mauritex.com.br\/index.php\/guardanapo-em-sache\/","title":{"rendered":"Guardanapo em Sach\u00ea"},"content":{"rendered":"\t\t<div data-elementor-type=\"wp-page\" data-elementor-id=\"1209\" class=\"elementor elementor-1209\">\n\t\t\t\t\t\t<section class=\"elementor-section elementor-top-section elementor-element elementor-element-7774a8f5 elementor-section-boxed elementor-section-height-default elementor-section-height-default\" data-id=\"7774a8f5\" data-element_type=\"section\" data-e-type=\"section\">\n\t\t\t\t\t\t<div class=\"elementor-container elementor-column-gap-default\">\n\t\t\t\t\t<div class=\"elementor-column elementor-col-100 elementor-top-column elementor-element elementor-element-1e168c70\" data-id=\"1e168c70\" data-element_type=\"column\" data-e-type=\"column\">\n\t\t\t<div class=\"elementor-widget-wrap elementor-element-populated\">\n\t\t\t\t\t\t<div class=\"elementor-element elementor-element-3ec650db elementor-widget elementor-widget-text-editor\" data-id=\"3ec650db\" data-element_type=\"widget\" data-e-type=\"widget\" data-widget_type=\"text-editor.default\">\n\t\t\t\t<div class=\"elementor-widget-container\">\n\t\t\t\t\t\t\t\t\t<strong>Guardanapo em Sach\u00ea &#8211; Embalado Individualmente<\/strong>\n\n<strong><em>Praticidade, conforto e higiene que evita o contato direto das m\u00e3os com o guardanapo. \u00a0Com alto custo-benef\u00edcio, pois, racionaliza o consumo, evitando o desperd\u00edcio gerando economia. Qualidade na alta absor\u00e7\u00e3o do guardanapo.<\/em><\/strong>\n<ul>\n \t<li>Embalagem individual: 02 guardanapos em folha simples no sach\u00ea<\/li>\n \t<li>Caixa com 600 sach\u00eas.<\/li>\n<\/ul><\/br>\n\u2013 Foto meramente ilustrativa.\n<\/br>\n\u2013 A marca do produto pode variar de acordo com a disponibilidade em estoque.\t\t\t\t\t\t\t\t<\/div>\n\t\t\t\t<\/div>\n\t\t\t\t\t<\/div>\n\t\t<\/div>\n\t\t\t\t<div class=\"elementor-column elementor-col-100 elementor-top-column elementor-element elementor-element-45c57114\" data-id=\"45c57114\" data-element_type=\"column\" data-e-type=\"column\">\n\t\t\t<div class=\"elementor-widget-wrap elementor-element-populated\">\n\t\t\t\t\t\t<div class=\"elementor-element elementor-element-5e7f8bb6 elementor-widget elementor-widget-image\" data-id=\"5e7f8bb6\" data-element_type=\"widget\" data-e-type=\"widget\" data-widget_type=\"image.default\">\n\t\t\t\t<div class=\"elementor-widget-container\">\n\t\t\t\t\t\t\t\t\t\t\t\t\t\t\t<img fetchpriority=\"high\" decoding=\"async\" width=\"498\" height=\"396\" src=\"http:\/\/www.mauritex.com.br\/wp-content\/uploads\/2021\/04\/guardanapos.jpg\" class=\"attachment-bizberg_gallery size-bizberg_gallery wp-image-1199\" alt=\"\" srcset=\"http:\/\/www.mauritex.com.br\/wp-content\/uploads\/2021\/04\/guardanapos.jpg 498w, http:\/\/www.mauritex.com.br\/wp-content\/uploads\/2021\/04\/guardanapos-300x239.jpg 300w\" sizes=\"(max-width: 498px) 100vw, 498px\" \/>\t\t\t\t\t\t\t\t\t\t\t\t\t\t\t<\/div>\n\t\t\t\t<\/div>\n\t\t\t\t<div class=\"elementor-element elementor-element-744a1d5b elementor-align-center elementor-widget elementor-widget-button\" data-id=\"744a1d5b\" data-element_type=\"widget\" data-e-type=\"widget\" data-widget_type=\"button.default\">\n\t\t\t\t<div class=\"elementor-widget-container\">\n\t\t\t\t\t\t\t\t\t<div class=\"elementor-button-wrapper\">\n\t\t\t\t\t<a class=\"elementor-button elementor-button-link elementor-size-xs\" href=\"http:\/\/www.mauritex.com.br\/index.php\/elementor-15\/utensilios\/\">\n\t\t\t\t\t\t<span class=\"elementor-button-content-wrapper\">\n\t\t\t\t\t\t\t\t\t<span class=\"elementor-button-text\">Voltar<\/span>\n\t\t\t\t\t<\/span>\n\t\t\t\t\t<\/a>\n\t\t\t\t<\/div>\n\t\t\t\t\t\t\t\t<\/div>\n\t\t\t\t<\/div>\n\t\t\t\t\t<\/div>\n\t\t<\/div>\n\t\t\t\t\t<\/div>\n\t\t<\/section>\n\t\t\t\t<section class=\"elementor-section elementor-top-section elementor-element elementor-element-1f5a0fd5 elementor-section-boxed elementor-section-height-default elementor-section-height-default\" data-id=\"1f5a0fd5\" data-element_type=\"section\" data-e-type=\"section\">\n\t\t\t\t\t\t<div class=\"elementor-container elementor-column-gap-default\">\n\t\t\t\t\t\t<\/div>\n\t\t<\/section>\n\t\t\t\t<\/div>\n\t\t","protected":false},"excerpt":{"rendered":"<p>Guardanapo em Sach\u00ea &#8211; Embalado Individualmente Praticidade, conforto e higiene que evita o contato direto das m\u00e3os com o guardanapo. \u00a0Com alto custo-benef\u00edcio, pois, racionaliza o consumo, evitando o desperd\u00edcio gerando economia. Qualidade na alta absor\u00e7\u00e3o do guardanapo. Embalagem individual: 02 guardanapos em folha simples no sach\u00ea Caixa com 600 sach\u00eas. \u2013 Foto meramente ilustrativa. \u2013 A marca do produto [&hellip;]<\/p>\n","protected":false},"author":1,"featured_media":0,"parent":0,"menu_order":0,"comment_status":"closed","ping_status":"closed","template":"","meta":{"ngg_post_thumbnail":0,"footnotes":""},"class_list":["post-1209","page","type-page","status-publish","hentry"],"_links":{"self":[{"href":"http:\/\/www.mauritex.com.br\/index.php\/wp-json\/wp\/v2\/pages\/1209","targetHints":{"allow":["GET"]}}],"collection":[{"href":"http:\/\/www.mauritex.com.br\/index.php\/wp-json\/wp\/v2\/pages"}],"about":[{"href":"http:\/\/www.mauritex.com.br\/index.php\/wp-json\/wp\/v2\/types\/page"}],"author":[{"embeddable":true,"href":"http:\/\/www.mauritex.com.br\/index.php\/wp-json\/wp\/v2\/users\/1"}],"replies":[{"embeddable":true,"href":"http:\/\/www.mauritex.com.br\/index.php\/wp-json\/wp\/v2\/comments?post=1209"}],"version-history":[{"count":7,"href":"http:\/\/www.mauritex.com.br\/index.php\/wp-json\/wp\/v2\/pages\/1209\/revisions"}],"predecessor-version":[{"id":1740,"href":"http:\/\/www.mauritex.com.br\/index.php\/wp-json\/wp\/v2\/pages\/1209\/revisions\/1740"}],"wp:attachment":[{"href":"http:\/\/www.mauritex.com.br\/index.php\/wp-json\/wp\/v2\/media?parent=1209"}],"curies":[{"name":"wp","href":"https:\/\/api.w.org\/{rel}","templated":true}]}}