{"id":1158,"date":"2021-04-05T21:20:51","date_gmt":"2021-04-06T00:20:51","guid":{"rendered":"http:\/\/www.mauritex.com.br\/?page_id=1158"},"modified":"2021-05-10T21:48:28","modified_gmt":"2021-05-11T00:48:28","slug":"sabonete-15gr","status":"publish","type":"page","link":"http:\/\/www.mauritex.com.br\/index.php\/sabonete-15gr\/","title":{"rendered":"Sabonete 15gr"},"content":{"rendered":"\t\t<div data-elementor-type=\"wp-page\" data-elementor-id=\"1158\" class=\"elementor elementor-1158\">\n\t\t\t\t\t\t<section class=\"elementor-section elementor-top-section elementor-element elementor-element-4610d3e5 elementor-section-boxed elementor-section-height-default elementor-section-height-default\" data-id=\"4610d3e5\" data-element_type=\"section\" data-e-type=\"section\">\n\t\t\t\t\t\t<div class=\"elementor-container elementor-column-gap-default\">\n\t\t\t\t\t<div class=\"elementor-column elementor-col-100 elementor-top-column elementor-element elementor-element-41ef24bf\" data-id=\"41ef24bf\" data-element_type=\"column\" data-e-type=\"column\">\n\t\t\t<div class=\"elementor-widget-wrap elementor-element-populated\">\n\t\t\t\t\t\t<div class=\"elementor-element elementor-element-3483d028 elementor-widget elementor-widget-text-editor\" data-id=\"3483d028\" data-element_type=\"widget\" data-e-type=\"widget\" data-widget_type=\"text-editor.default\">\n\t\t\t\t<div class=\"elementor-widget-container\">\n\t\t\t\t\t\t\t\t\t<strong>Sabonete 15gr<\/strong>\n\n<strong>Mini Sabonete massa branca com formado oval, diferenciado com fragr\u00e2ncia agrad\u00e1vel e delicada com um toque de sofistica\u00e7\u00e3o. Proporciona sensa\u00e7\u00e3o de pele macia e hidratada.<\/strong>\n<ul>\n \t<li>Embalagem individual: 15gr<\/li>\n \t<li>Caixa com 500 unidades<\/li>\n \t<li>Consulte sabonete personalizado.<\/li>\n<\/ul><\/br>\n\u2013 Foto meramente ilustrativa.\n<\/br>\n&#8211; A marca do produto pode variar de acordo com a disponibilidade em estoque.\t\t\t\t\t\t\t\t<\/div>\n\t\t\t\t<\/div>\n\t\t\t\t\t<\/div>\n\t\t<\/div>\n\t\t\t\t<div class=\"elementor-column elementor-col-100 elementor-top-column elementor-element elementor-element-7932e557\" data-id=\"7932e557\" data-element_type=\"column\" data-e-type=\"column\">\n\t\t\t<div class=\"elementor-widget-wrap elementor-element-populated\">\n\t\t\t\t\t\t<div class=\"elementor-element elementor-element-db97a1 elementor-widget elementor-widget-image\" data-id=\"db97a1\" data-element_type=\"widget\" data-e-type=\"widget\" data-widget_type=\"image.default\">\n\t\t\t\t<div class=\"elementor-widget-container\">\n\t\t\t\t\t\t\t\t\t\t\t\t\t\t\t<img fetchpriority=\"high\" decoding=\"async\" width=\"500\" height=\"396\" src=\"http:\/\/www.mauritex.com.br\/wp-content\/uploads\/2021\/04\/Sabonete-15gr.jpg\" class=\"attachment-bizberg_gallery size-bizberg_gallery wp-image-1147\" alt=\"\" srcset=\"http:\/\/www.mauritex.com.br\/wp-content\/uploads\/2021\/04\/Sabonete-15gr.jpg 500w, http:\/\/www.mauritex.com.br\/wp-content\/uploads\/2021\/04\/Sabonete-15gr-300x238.jpg 300w\" sizes=\"(max-width: 500px) 100vw, 500px\" \/>\t\t\t\t\t\t\t\t\t\t\t\t\t\t\t<\/div>\n\t\t\t\t<\/div>\n\t\t\t\t<div class=\"elementor-element elementor-element-219351ec elementor-align-center elementor-widget elementor-widget-button\" data-id=\"219351ec\" data-element_type=\"widget\" data-e-type=\"widget\" data-widget_type=\"button.default\">\n\t\t\t\t<div class=\"elementor-widget-container\">\n\t\t\t\t\t\t\t\t\t<div class=\"elementor-button-wrapper\">\n\t\t\t\t\t<a class=\"elementor-button elementor-button-link elementor-size-xs\" href=\"http:\/\/minassite.com.br\/mauritex\/index.php\/elementor-15\/#a\">\n\t\t\t\t\t\t<span class=\"elementor-button-content-wrapper\">\n\t\t\t\t\t\t\t\t\t<span class=\"elementor-button-text\">Voltar<\/span>\n\t\t\t\t\t<\/span>\n\t\t\t\t\t<\/a>\n\t\t\t\t<\/div>\n\t\t\t\t\t\t\t\t<\/div>\n\t\t\t\t<\/div>\n\t\t\t\t\t<\/div>\n\t\t<\/div>\n\t\t\t\t\t<\/div>\n\t\t<\/section>\n\t\t\t\t<section class=\"elementor-section elementor-top-section elementor-element elementor-element-56a91b3d elementor-section-boxed elementor-section-height-default elementor-section-height-default\" data-id=\"56a91b3d\" data-element_type=\"section\" data-e-type=\"section\">\n\t\t\t\t\t\t<div class=\"elementor-container elementor-column-gap-default\">\n\t\t\t\t\t\t<\/div>\n\t\t<\/section>\n\t\t\t\t<\/div>\n\t\t","protected":false},"excerpt":{"rendered":"<p>Sabonete 15gr Mini Sabonete massa branca com formado oval, diferenciado com fragr\u00e2ncia agrad\u00e1vel e delicada com um toque de sofistica\u00e7\u00e3o. Proporciona sensa\u00e7\u00e3o de pele macia e hidratada. Embalagem individual: 15gr Caixa com 500 unidades Consulte sabonete personalizado. \u2013 Foto meramente ilustrativa. &#8211; A marca do produto pode variar de acordo com a disponibilidade em estoque. Voltar<\/p>\n","protected":false},"author":1,"featured_media":0,"parent":0,"menu_order":0,"comment_status":"closed","ping_status":"closed","template":"","meta":{"ngg_post_thumbnail":0,"footnotes":""},"class_list":["post-1158","page","type-page","status-publish","hentry"],"_links":{"self":[{"href":"http:\/\/www.mauritex.com.br\/index.php\/wp-json\/wp\/v2\/pages\/1158","targetHints":{"allow":["GET"]}}],"collection":[{"href":"http:\/\/www.mauritex.com.br\/index.php\/wp-json\/wp\/v2\/pages"}],"about":[{"href":"http:\/\/www.mauritex.com.br\/index.php\/wp-json\/wp\/v2\/types\/page"}],"author":[{"embeddable":true,"href":"http:\/\/www.mauritex.com.br\/index.php\/wp-json\/wp\/v2\/users\/1"}],"replies":[{"embeddable":true,"href":"http:\/\/www.mauritex.com.br\/index.php\/wp-json\/wp\/v2\/comments?post=1158"}],"version-history":[{"count":7,"href":"http:\/\/www.mauritex.com.br\/index.php\/wp-json\/wp\/v2\/pages\/1158\/revisions"}],"predecessor-version":[{"id":1731,"href":"http:\/\/www.mauritex.com.br\/index.php\/wp-json\/wp\/v2\/pages\/1158\/revisions\/1731"}],"wp:attachment":[{"href":"http:\/\/www.mauritex.com.br\/index.php\/wp-json\/wp\/v2\/media?parent=1158"}],"curies":[{"name":"wp","href":"https:\/\/api.w.org\/{rel}","templated":true}]}}