{"id":1152,"date":"2021-04-05T21:18:00","date_gmt":"2021-04-06T00:18:00","guid":{"rendered":"http:\/\/www.mauritex.com.br\/?page_id=1152"},"modified":"2021-05-10T21:47:29","modified_gmt":"2021-05-11T00:47:29","slug":"sabonete-11gr","status":"publish","type":"page","link":"http:\/\/www.mauritex.com.br\/index.php\/sabonete-11gr\/","title":{"rendered":"Sabonete 11gr"},"content":{"rendered":"\t\t<div data-elementor-type=\"wp-page\" data-elementor-id=\"1152\" class=\"elementor elementor-1152\">\n\t\t\t\t\t\t<section class=\"elementor-section elementor-top-section elementor-element elementor-element-688ef796 elementor-section-boxed elementor-section-height-default elementor-section-height-default\" data-id=\"688ef796\" data-element_type=\"section\" data-e-type=\"section\">\n\t\t\t\t\t\t<div class=\"elementor-container elementor-column-gap-default\">\n\t\t\t\t\t<div class=\"elementor-column elementor-col-100 elementor-top-column elementor-element elementor-element-4d4a884\" data-id=\"4d4a884\" data-element_type=\"column\" data-e-type=\"column\">\n\t\t\t<div class=\"elementor-widget-wrap elementor-element-populated\">\n\t\t\t\t\t\t<div class=\"elementor-element elementor-element-3c3e4eb9 elementor-widget elementor-widget-text-editor\" data-id=\"3c3e4eb9\" data-element_type=\"widget\" data-e-type=\"widget\" data-widget_type=\"text-editor.default\">\n\t\t\t\t<div class=\"elementor-widget-container\">\n\t\t\t\t\t\t\t\t\t<strong>Sabonete 11gr<\/strong>\n\n<strong>Mini Sabonete massa branca com formado oval, diferenciado com fragr\u00e2ncia agrad\u00e1vel e delicada com um toque de sofistica\u00e7\u00e3o. Proporciona sensa\u00e7\u00e3o de pele macia e hidratada.<\/strong>\n<ul>\n \t<li>Embalagem individual: 11gr<\/li>\n \t<li>Caixa com 500 unidades<\/li>\n \t<li>Consulte sabonete personalizado.<\/li>\n<\/ul><\/br>\n\u2013 Foto meramente ilustrativa.\n<\/br>\n&#8211; A marca do produto pode variar de acordo com a disponibilidade em estoque.\t\t\t\t\t\t\t\t<\/div>\n\t\t\t\t<\/div>\n\t\t\t\t\t<\/div>\n\t\t<\/div>\n\t\t\t\t<div class=\"elementor-column elementor-col-100 elementor-top-column elementor-element elementor-element-47246dce\" data-id=\"47246dce\" data-element_type=\"column\" data-e-type=\"column\">\n\t\t\t<div class=\"elementor-widget-wrap elementor-element-populated\">\n\t\t\t\t\t\t<div class=\"elementor-element elementor-element-5d43eeba elementor-widget elementor-widget-image\" data-id=\"5d43eeba\" data-element_type=\"widget\" data-e-type=\"widget\" data-widget_type=\"image.default\">\n\t\t\t\t<div class=\"elementor-widget-container\">\n\t\t\t\t\t\t\t\t\t\t\t\t\t\t\t<img fetchpriority=\"high\" decoding=\"async\" width=\"495\" height=\"396\" src=\"http:\/\/www.mauritex.com.br\/wp-content\/uploads\/2021\/04\/Sabonete-11gr.jpg\" class=\"attachment-bizberg_gallery size-bizberg_gallery wp-image-1146\" alt=\"\" srcset=\"http:\/\/www.mauritex.com.br\/wp-content\/uploads\/2021\/04\/Sabonete-11gr.jpg 495w, http:\/\/www.mauritex.com.br\/wp-content\/uploads\/2021\/04\/Sabonete-11gr-300x240.jpg 300w\" sizes=\"(max-width: 495px) 100vw, 495px\" \/>\t\t\t\t\t\t\t\t\t\t\t\t\t\t\t<\/div>\n\t\t\t\t<\/div>\n\t\t\t\t<div class=\"elementor-element elementor-element-3805c02e elementor-align-center elementor-widget elementor-widget-button\" data-id=\"3805c02e\" data-element_type=\"widget\" data-e-type=\"widget\" data-widget_type=\"button.default\">\n\t\t\t\t<div class=\"elementor-widget-container\">\n\t\t\t\t\t\t\t\t\t<div class=\"elementor-button-wrapper\">\n\t\t\t\t\t<a class=\"elementor-button elementor-button-link elementor-size-xs\" href=\"http:\/\/www.mauritex.com.br\/index.php\/elementor-15\/#\">\n\t\t\t\t\t\t<span class=\"elementor-button-content-wrapper\">\n\t\t\t\t\t\t\t\t\t<span class=\"elementor-button-text\">Voltar<\/span>\n\t\t\t\t\t<\/span>\n\t\t\t\t\t<\/a>\n\t\t\t\t<\/div>\n\t\t\t\t\t\t\t\t<\/div>\n\t\t\t\t<\/div>\n\t\t\t\t\t<\/div>\n\t\t<\/div>\n\t\t\t\t\t<\/div>\n\t\t<\/section>\n\t\t\t\t<section class=\"elementor-section elementor-top-section elementor-element elementor-element-7a211580 elementor-section-boxed elementor-section-height-default elementor-section-height-default\" data-id=\"7a211580\" data-element_type=\"section\" data-e-type=\"section\">\n\t\t\t\t\t\t<div class=\"elementor-container elementor-column-gap-default\">\n\t\t\t\t\t\t<\/div>\n\t\t<\/section>\n\t\t\t\t<\/div>\n\t\t","protected":false},"excerpt":{"rendered":"<p>Sabonete 11gr Mini Sabonete massa branca com formado oval, diferenciado com fragr\u00e2ncia agrad\u00e1vel e delicada com um toque de sofistica\u00e7\u00e3o. Proporciona sensa\u00e7\u00e3o de pele macia e hidratada. Embalagem individual: 11gr Caixa com 500 unidades Consulte sabonete personalizado. \u2013 Foto meramente ilustrativa. &#8211; A marca do produto pode variar de acordo com a disponibilidade em estoque. Voltar<\/p>\n","protected":false},"author":1,"featured_media":0,"parent":0,"menu_order":0,"comment_status":"closed","ping_status":"closed","template":"","meta":{"ngg_post_thumbnail":0,"footnotes":""},"class_list":["post-1152","page","type-page","status-publish","hentry"],"_links":{"self":[{"href":"http:\/\/www.mauritex.com.br\/index.php\/wp-json\/wp\/v2\/pages\/1152","targetHints":{"allow":["GET"]}}],"collection":[{"href":"http:\/\/www.mauritex.com.br\/index.php\/wp-json\/wp\/v2\/pages"}],"about":[{"href":"http:\/\/www.mauritex.com.br\/index.php\/wp-json\/wp\/v2\/types\/page"}],"author":[{"embeddable":true,"href":"http:\/\/www.mauritex.com.br\/index.php\/wp-json\/wp\/v2\/users\/1"}],"replies":[{"embeddable":true,"href":"http:\/\/www.mauritex.com.br\/index.php\/wp-json\/wp\/v2\/comments?post=1152"}],"version-history":[{"count":10,"href":"http:\/\/www.mauritex.com.br\/index.php\/wp-json\/wp\/v2\/pages\/1152\/revisions"}],"predecessor-version":[{"id":1728,"href":"http:\/\/www.mauritex.com.br\/index.php\/wp-json\/wp\/v2\/pages\/1152\/revisions\/1728"}],"wp:attachment":[{"href":"http:\/\/www.mauritex.com.br\/index.php\/wp-json\/wp\/v2\/media?parent=1152"}],"curies":[{"name":"wp","href":"https:\/\/api.w.org\/{rel}","templated":true}]}}