{"id":1115,"date":"2021-04-02T22:34:24","date_gmt":"2021-04-03T01:34:24","guid":{"rendered":"http:\/\/www.mauritex.com.br\/?page_id=1115"},"modified":"2021-05-10T21:45:36","modified_gmt":"2021-05-11T00:45:36","slug":"gel-lubrificante-lubrigel","status":"publish","type":"page","link":"http:\/\/www.mauritex.com.br\/index.php\/gel-lubrificante-lubrigel\/","title":{"rendered":"Gel Lubrificante &#8211; Lubrigel"},"content":{"rendered":"\t\t<div data-elementor-type=\"wp-page\" data-elementor-id=\"1115\" class=\"elementor elementor-1115\">\n\t\t\t\t\t\t<section class=\"elementor-section elementor-top-section elementor-element elementor-element-5b966c23 elementor-section-boxed elementor-section-height-default elementor-section-height-default\" data-id=\"5b966c23\" data-element_type=\"section\" data-e-type=\"section\">\n\t\t\t\t\t\t<div class=\"elementor-container elementor-column-gap-default\">\n\t\t\t\t\t<div class=\"elementor-column elementor-col-100 elementor-top-column elementor-element elementor-element-21ffa7a7\" data-id=\"21ffa7a7\" data-element_type=\"column\" data-e-type=\"column\">\n\t\t\t<div class=\"elementor-widget-wrap elementor-element-populated\">\n\t\t\t\t\t\t<div class=\"elementor-element elementor-element-5de89fce elementor-widget elementor-widget-text-editor\" data-id=\"5de89fce\" data-element_type=\"widget\" data-e-type=\"widget\" data-widget_type=\"text-editor.default\">\n\t\t\t\t<div class=\"elementor-widget-container\">\n\t\t\t\t\t\t\t\t\t<strong>Gel Lubrificante <\/strong>\n\n<strong><em>\u00c9 utilizado para a lubrifica\u00e7\u00e3o \u00edntima durante as rela\u00e7\u00f5es sexuais, com ou sem preservativos, reduzindo o atrito e proporcionando maior conforto e suavidade durante o ato.\u00a0<\/em><\/strong>\n<ul>\n \t<li>Embalagem individual: Sach\u00ea 5gr<\/li>\n \t<li>Pacote com 100 unidades e\/ou venda individual.<\/li>\n<\/ul><\/br>\n\u2013 Foto meramente ilustrativa.\n<\/br>\n&#8211; A marca do produto pode variar de acordo com a disponibilidade em estoque.\t\t\t\t\t\t\t\t<\/div>\n\t\t\t\t<\/div>\n\t\t\t\t\t<\/div>\n\t\t<\/div>\n\t\t\t\t<div class=\"elementor-column elementor-col-100 elementor-top-column elementor-element elementor-element-2fd2c13e\" data-id=\"2fd2c13e\" data-element_type=\"column\" data-e-type=\"column\">\n\t\t\t<div class=\"elementor-widget-wrap elementor-element-populated\">\n\t\t\t\t\t\t<div class=\"elementor-element elementor-element-2932a6b8 elementor-widget elementor-widget-image\" data-id=\"2932a6b8\" data-element_type=\"widget\" data-e-type=\"widget\" data-widget_type=\"image.default\">\n\t\t\t\t<div class=\"elementor-widget-container\">\n\t\t\t\t\t\t\t\t\t\t\t\t\t\t\t<img fetchpriority=\"high\" decoding=\"async\" width=\"500\" height=\"396\" src=\"http:\/\/www.mauritex.com.br\/wp-content\/uploads\/2021\/04\/gel-lubrificane.jpg\" class=\"attachment-bizberg_gallery size-bizberg_gallery wp-image-1082\" alt=\"\" srcset=\"http:\/\/www.mauritex.com.br\/wp-content\/uploads\/2021\/04\/gel-lubrificane.jpg 500w, http:\/\/www.mauritex.com.br\/wp-content\/uploads\/2021\/04\/gel-lubrificane-300x238.jpg 300w\" sizes=\"(max-width: 500px) 100vw, 500px\" \/>\t\t\t\t\t\t\t\t\t\t\t\t\t\t\t<\/div>\n\t\t\t\t<\/div>\n\t\t\t\t<div class=\"elementor-element elementor-element-6190f325 elementor-align-center elementor-widget elementor-widget-button\" data-id=\"6190f325\" data-element_type=\"widget\" data-e-type=\"widget\" data-widget_type=\"button.default\">\n\t\t\t\t<div class=\"elementor-widget-container\">\n\t\t\t\t\t\t\t\t\t<div class=\"elementor-button-wrapper\">\n\t\t\t\t\t<a class=\"elementor-button elementor-button-link elementor-size-xs\" href=\"http:\/\/minassite.com.br\/mauritex\/index.php\/preservativos-gel\/\">\n\t\t\t\t\t\t<span class=\"elementor-button-content-wrapper\">\n\t\t\t\t\t\t\t\t\t<span class=\"elementor-button-text\">Voltar<\/span>\n\t\t\t\t\t<\/span>\n\t\t\t\t\t<\/a>\n\t\t\t\t<\/div>\n\t\t\t\t\t\t\t\t<\/div>\n\t\t\t\t<\/div>\n\t\t\t\t\t<\/div>\n\t\t<\/div>\n\t\t\t\t\t<\/div>\n\t\t<\/section>\n\t\t\t\t<section class=\"elementor-section elementor-top-section elementor-element elementor-element-5b85b616 elementor-section-boxed elementor-section-height-default elementor-section-height-default\" data-id=\"5b85b616\" data-element_type=\"section\" data-e-type=\"section\">\n\t\t\t\t\t\t<div class=\"elementor-container elementor-column-gap-default\">\n\t\t\t\t\t\t<\/div>\n\t\t<\/section>\n\t\t\t\t<\/div>\n\t\t","protected":false},"excerpt":{"rendered":"<p>Gel Lubrificante \u00c9 utilizado para a lubrifica\u00e7\u00e3o \u00edntima durante as rela\u00e7\u00f5es sexuais, com ou sem preservativos, reduzindo o atrito e proporcionando maior conforto e suavidade durante o ato.\u00a0 Embalagem individual: Sach\u00ea 5gr Pacote com 100 unidades e\/ou venda individual. \u2013 Foto meramente ilustrativa. &#8211; A marca do produto pode variar de acordo com a disponibilidade em estoque. Voltar<\/p>\n","protected":false},"author":1,"featured_media":0,"parent":0,"menu_order":0,"comment_status":"closed","ping_status":"closed","template":"","meta":{"ngg_post_thumbnail":0,"footnotes":""},"class_list":["post-1115","page","type-page","status-publish","hentry"],"_links":{"self":[{"href":"http:\/\/www.mauritex.com.br\/index.php\/wp-json\/wp\/v2\/pages\/1115","targetHints":{"allow":["GET"]}}],"collection":[{"href":"http:\/\/www.mauritex.com.br\/index.php\/wp-json\/wp\/v2\/pages"}],"about":[{"href":"http:\/\/www.mauritex.com.br\/index.php\/wp-json\/wp\/v2\/types\/page"}],"author":[{"embeddable":true,"href":"http:\/\/www.mauritex.com.br\/index.php\/wp-json\/wp\/v2\/users\/1"}],"replies":[{"embeddable":true,"href":"http:\/\/www.mauritex.com.br\/index.php\/wp-json\/wp\/v2\/comments?post=1115"}],"version-history":[{"count":10,"href":"http:\/\/www.mauritex.com.br\/index.php\/wp-json\/wp\/v2\/pages\/1115\/revisions"}],"predecessor-version":[{"id":1722,"href":"http:\/\/www.mauritex.com.br\/index.php\/wp-json\/wp\/v2\/pages\/1115\/revisions\/1722"}],"wp:attachment":[{"href":"http:\/\/www.mauritex.com.br\/index.php\/wp-json\/wp\/v2\/media?parent=1115"}],"curies":[{"name":"wp","href":"https:\/\/api.w.org\/{rel}","templated":true}]}}